{"id":116,"date":"2023-05-19T13:17:31","date_gmt":"2023-05-19T19:17:31","guid":{"rendered":"https:\/\/rihbenden.mcsoluciones.com.mx\/es\/?page_id=116"},"modified":"2026-03-05T15:41:27","modified_gmt":"2026-03-05T21:41:27","slug":"rihbenden-terapeuticas","status":"publish","type":"page","link":"https:\/\/mcsoluciones.com.mx\/es\/rihbenden-terapeuticas\/","title":{"rendered":"Terap\u00e9uticas"},"content":{"rendered":"<div class=\"gb-container gb-container-80635efb\">\n<div class=\"gb-container gb-container-9c0dc7fe\">\n<div class=\"gb-container gb-container-050c9fd0\">\n\n<p class=\"gb-headline gb-headline-527bdb75 gb-headline-text\">Terap\u00e9uticas<\/p>\n\n<\/div>\n\n<div class=\"gb-container gb-container-7ac38a0f\">\n\n<p class=\"gb-headline gb-headline-cfe8fce3 gb-headline-text\">\u00bfQue son las Tablillas Terap\u00e9uticas?<\/p>\n\n\n\n<p class=\"gb-headline gb-headline-0f7a45ff gb-headline-text\">   Dise\u00f1adas y elaboradas desde el a\u00f1o 2014. Las Tablillas Terap\u00e9uticas Rihbenden son aparatos fabricados por medio de nanocapas y nanoesferas de Grafeno, que utilizan la energ\u00eda que se encuentra a su alrededor, transform\u00e1ndola.<br>   Son totalmente ecol\u00f3gicas, con un sustrato flexible e inocuo, sobre el cual se deposita capa por capa los nanoesferas (nanocircuitos) de grafeno.<\/p>\n\n<\/div>\n\n<div class=\"gb-container gb-container-8d68c723\">\n\n<p class=\"gb-headline gb-headline-c8cf8fc5 gb-headline-text\">\u00bfQu\u00e9 son las tecnolog\u00edas cu\u00e1nticas?<\/p>\n\n\n\n<p class=\"gb-headline gb-headline-782bf00c gb-headline-text\">   Se caracterizan por utilizar y aprovechar propiedades y fen\u00f3menos del mundo microsc\u00f3pico que no ocurren en el mundo macrosc\u00f3pico y que tienen un gran potencial. Por ejemplo, las part\u00edculas como los electrones o los fotones pueden estar en varias posiciones al mismo tiempo, gracias a la propiedad conocida como superposici\u00f3n cu\u00e1ntica. Esto tiene grandes aplicaciones, permiti\u00e9ndos aprovechar sus caracteristica en nuestra salud. El nombre de estas tecnolog\u00edas se debe a que la teor\u00eda f\u00edsica que describe estos fen\u00f3menos se conoce como Mec\u00e1nica Cu\u00e1ntica.<\/p>\n\n<\/div>\n\n<div class=\"gb-container gb-container-d6156859\">\n\n<p class=\"gb-headline gb-headline-3be2442f gb-headline-text\">Excelente complemento con otras ter\u00e1pias.<\/p>\n\n\n\n<p class=\"gb-headline gb-headline-aff35a70 gb-headline-text\">  <strong>Las Tablillas Rihbenden <\/strong>son un excelente complemento en la rehabilitaci\u00f3n de lesiones tanto externas como internas del cuerpo, llevandose perfectamente con muchas otras ter\u00e1pias.<\/p>\n\n<\/div>\n\n<div class=\"gb-container gb-container-864df3de\">\n\n<p class=\"gb-headline gb-headline-a89e2d6d gb-headline-text\">Propiedades.<\/p>\n\n\n\n<p class=\"gb-headline gb-headline-1888067c gb-headline-text\">&#8211;  Las Tablillas solamente necesitan colocarse sobre el \u00e1rea afectada. <\/p>\n\n\n\n<p class=\"gb-headline gb-headline-c04e799e gb-headline-text\">&#8211;  Es indolora, sin efectos secundarios, y se aplica para reducir la tensi\u00f3n muscular, mejorar la circulaci\u00f3n, aliviar el dolor, desintoxicar el organismo, fortalecer el sistema inmunol\u00f3gico, entre otros.<\/p>\n\n<\/div>\n\n<div class=\"gb-container gb-container-d467ec4a\">\n\n<p class=\"gb-headline gb-headline-c6ebd801 gb-headline-text\">Otros usos.<\/p>\n\n\n\n<p class=\"gb-headline gb-headline-6d35e730 gb-headline-text\">  &#8211; Lesiones de la piel, como heridas, dermatitis y psoriasis.<br>  &#8211; Consolidar fracturas.<br>  &#8211; Fibromialgia y en S\u00edndrome Doloroso Regional Complejo, con el fin de regular los patrones del sue\u00f1o.<br>  &#8211; Golpes, contusiones y hematomas.<br>  &#8211; Dolor vertebral.<br>  &#8211; Patolog\u00edas del sistema musculoesquel\u00e9tico, como la bursitis, tendinitis y artrosis.<br>  &#8211; Alteraciones en el metabolismo \u00f3seo, como la osteoporosis.<br>  &#8211; Cefalea tensional.<br>  &#8211; Muchos m\u00e1s.<\/p>\n\n<\/div>\n\n<div class=\"gb-container gb-container-2f0064c1\">\n\n<p class=\"gb-headline gb-headline-442e0f29 gb-headline-text\">Ventajas.<\/p>\n\n\n\n<p class=\"gb-headline gb-headline-7e4aa0a2 gb-headline-text\">  &#8211; No invasiva.<br>  &#8211; Es segura.<br>  &#8211; Es compatible con la aplicaci\u00f3n de otros tratamientos y, por lo tanto, el paciente no abandona su medicaci\u00f3n habitual.<br>  &#8211; No manifiesta efectos secundarios en el organismo.<br>  &#8211; En las sesiones de tratamiento no hay dolor, ni molestias.<br>  &#8211; El equilibrio en los polos biomagn\u00e9ticos proporciona efectos beneficiosos para el organismo. El polo positivo trasmite energ\u00eda y el negativo es antinflamatorio y analg\u00e9sico.<\/p>\n\n<\/div>\n\n<div class=\"gb-container gb-container-618ddd7f\">\n\n<p class=\"gb-headline gb-headline-ba2d8206 gb-headline-text\">\u00bfQuienes pueden usarlo?<\/p>\n\n\n\n<p class=\"gb-headline gb-headline-e5e57bb1 gb-headline-text\"> Ni\u00f1os mayores de 5 a\u00f1os hasta una persona de avanzada edad.<\/p>\n\n<\/div>\n\n<div class=\"gb-container gb-container-a77bcdc9\">\n\n<p class=\"gb-headline gb-headline-22c863ee gb-headline-text\">Los productos en este momento se ofrecen solamente a los terapeutas.<\/p>\n\n\n\n<p class=\"gb-headline gb-headline-a30497ce gb-headline-text\">Los precios aqu\u00ed expresados son para terap\u00e9utas.<\/p>\n\n<\/div>\n\n<div class=\"gb-container gb-container-33462806\">\n<div class=\"gb-grid-wrapper gb-grid-wrapper-01427bf6\">\n<div class=\"gb-grid-column gb-grid-column-801265c4\"><div class=\"gb-container gb-container-801265c4 rih-fondo-b rih-video-sombra\">\n\n<figure class=\"gb-block-image gb-block-image-12d725b9\"><img loading=\"lazy\" decoding=\"async\" width=\"300\" height=\"300\" class=\"gb-image gb-image-12d725b9\" src=\"http:\/\/mcsoluciones.com.mx\/es\/wp-content\/uploads\/2023\/05\/RIH-GDE-B4.png\" alt=\"\" title=\"RIH-GDE-B4\" srcset=\"https:\/\/mcsoluciones.com.mx\/es\/wp-content\/uploads\/2023\/05\/RIH-GDE-B4.png 300w, https:\/\/mcsoluciones.com.mx\/es\/wp-content\/uploads\/2023\/05\/RIH-GDE-B4-150x150.png 150w\" sizes=\"auto, (max-width: 300px) 100vw, 300px\" \/><\/figure>\n\n\n\n<div style=\"height:78px\" aria-hidden=\"true\" class=\"wp-block-spacer\"><\/div>\n\n\n\n<h5 class=\"gb-headline gb-headline-b797a340 gb-headline-text\">Tablillas \u00abT-40\u00bb<\/h5>\n\n\n\n<p class=\"gb-headline gb-headline-e2d9df50 gb-headline-text\"><strong><em>Nivel terap\u00e9utico<\/em><\/strong><\/p>\n\n\n\n<p class=\"gb-headline gb-headline-776763fe gb-headline-text\">1 Tablilla de 40 x 40 mm (4 x 4 cm). <\/p>\n\n\n\n<p class=\"gb-headline gb-headline-e6b62f6b gb-headline-text\">Adecuadas para \u00e1reas menores.<\/p>\n\n\n\n<h5 class=\"gb-headline gb-headline-71592e8f gb-headline-text\">03 nanocapas &#8211; $ 1,499.00 MXN<\/h5>\n\n\n\n<h5 class=\"gb-headline gb-headline-ed63055a gb-headline-text\">12 nanocapas &#8211; $ 4,499.00 MXN<\/h5>\n\n<\/div><\/div>\n\n<div class=\"gb-grid-column gb-grid-column-f638b08a\"><div class=\"gb-container gb-container-f638b08a rih-fondo-b rih-video-sombra\">\n\n<figure class=\"gb-block-image gb-block-image-ddb2d8e2\"><img loading=\"lazy\" decoding=\"async\" width=\"300\" height=\"300\" class=\"gb-image gb-image-ddb2d8e2\" src=\"http:\/\/mcsoluciones.com.mx\/es\/wp-content\/uploads\/2023\/05\/RIH-GDE-B4.png\" alt=\"\" title=\"RIH-GDE-B4\" srcset=\"https:\/\/mcsoluciones.com.mx\/es\/wp-content\/uploads\/2023\/05\/RIH-GDE-B4.png 300w, https:\/\/mcsoluciones.com.mx\/es\/wp-content\/uploads\/2023\/05\/RIH-GDE-B4-150x150.png 150w\" sizes=\"auto, (max-width: 300px) 100vw, 300px\" \/><\/figure>\n\n\n\n<h5 class=\"gb-headline gb-headline-fe718d49 gb-headline-text\">Tablillas \u00abT-100-12\u00bb<\/h5>\n\n\n\n<p class=\"gb-headline gb-headline-f16a4ddc gb-headline-text\"><strong><em>Nivel terap\u00e9utico<\/em><\/strong><\/p>\n\n\n\n<p class=\"gb-headline gb-headline-b424944f gb-headline-text\">1 Tablilla de 10 x 10 cm. <\/p>\n\n\n\n<p class=\"gb-headline gb-headline-e0114530 gb-headline-text\">Adecuadas para \u00e1reas medianas.<\/p>\n\n\n\n<h5 class=\"gb-headline gb-headline-f4db8e33 gb-headline-text\">12 nanocapas &#8211; $ 6,499.00 MXN<\/h5>\n\n\n\n<h5 class=\"gb-headline gb-headline-12363a67 gb-headline-text\">&#8211;<\/h5>\n\n<\/div><\/div>\n\n<div class=\"gb-grid-column gb-grid-column-91f9f5d6\"><div class=\"gb-container gb-container-91f9f5d6 rih-fondo-b rih-video-sombra\">\n\n<figure class=\"gb-block-image gb-block-image-3a91d884\"><img loading=\"lazy\" decoding=\"async\" width=\"300\" height=\"300\" class=\"gb-image gb-image-3a91d884\" src=\"http:\/\/mcsoluciones.com.mx\/es\/wp-content\/uploads\/2023\/05\/RIH-GDE-B4.png\" alt=\"\" title=\"RIH-GDE-B4\" srcset=\"https:\/\/mcsoluciones.com.mx\/es\/wp-content\/uploads\/2023\/05\/RIH-GDE-B4.png 300w, https:\/\/mcsoluciones.com.mx\/es\/wp-content\/uploads\/2023\/05\/RIH-GDE-B4-150x150.png 150w\" sizes=\"auto, (max-width: 300px) 100vw, 300px\" \/><\/figure>\n\n\n\n<h5 class=\"gb-headline gb-headline-c6f0f4be gb-headline-text\">Tablillas \u00abT-2020-12\u00bb<\/h5>\n\n\n\n<p class=\"gb-headline gb-headline-5b338d8b gb-headline-text\"><strong><em>Nivel terap\u00e9utico<\/em><\/strong><\/p>\n\n\n\n<p class=\"gb-headline gb-headline-a4b330d8 gb-headline-text\">1 Tablilla de 20 x 20 cm. <\/p>\n\n\n\n<p class=\"gb-headline gb-headline-a0f5b421 gb-headline-text\">Adecuadas para \u00e1reas menores.<\/p>\n\n\n\n<h5 class=\"gb-headline gb-headline-fefd0d27 gb-headline-text\">12 nanocapas &#8211; $ 8,999.00 MXN<\/h5>\n\n\n\n<h5 class=\"gb-headline gb-headline-fc41f98e gb-headline-text\">&#8211;<\/h5>\n\n<\/div><\/div>\n<\/div>\n<\/div>\n\n<div class=\"gb-container gb-container-86fad16a\">\n\n<p class=\"gb-headline gb-headline-09dc2409 gb-headline-text\">Los precios aqu\u00ed expresados pueden cambiar sin previo aviso.<\/p>\n\n<\/div>\n\n<div class=\"gb-container gb-container-980154a1\">\n<div class=\"gb-container gb-container-81b55a9a\">\n\n<h5 class=\"gb-headline gb-headline-6d390e6c gb-headline-text\">Informaci\u00f3n y ventas a info@mcsoluciones.com.mx<\/h5>\n\n<\/div>\n\n<div class=\"gb-container gb-container-165cde35\">\n<div class=\"gb-container gb-container-a375079a\">\n\n<h5 class=\"gb-headline gb-headline-96cfb62c gb-headline-text\">Por Telegram o WhatsApp<\/h5>\n\n<\/div>\n\n<div class=\"gb-container gb-container-6012cf28\">\n<div class=\"gb-grid-wrapper gb-grid-wrapper-a14574f8\">\n<div class=\"gb-grid-column gb-grid-column-2feb6220\"><div class=\"gb-container gb-container-2feb6220\">\n\n<figure class=\"gb-block-image gb-block-image-7fc860bb\"><a href=\"https:\/\/t.me\/mcsoluciones\"><img loading=\"lazy\" decoding=\"async\" width=\"1891\" height=\"1891\" class=\"gb-image gb-image-7fc860bb\" src=\"http:\/\/mcsoluciones.com.mx\/es\/wp-content\/uploads\/2026\/03\/TELEGRAM-LOGO-01.png\" alt=\"\" title=\"TELEGRAM\" srcset=\"https:\/\/mcsoluciones.com.mx\/es\/wp-content\/uploads\/2026\/03\/TELEGRAM-LOGO-01.png 1891w, https:\/\/mcsoluciones.com.mx\/es\/wp-content\/uploads\/2026\/03\/TELEGRAM-LOGO-01-300x300.png 300w, https:\/\/mcsoluciones.com.mx\/es\/wp-content\/uploads\/2026\/03\/TELEGRAM-LOGO-01-1024x1024.png 1024w, https:\/\/mcsoluciones.com.mx\/es\/wp-content\/uploads\/2026\/03\/TELEGRAM-LOGO-01-150x150.png 150w, https:\/\/mcsoluciones.com.mx\/es\/wp-content\/uploads\/2026\/03\/TELEGRAM-LOGO-01-768x768.png 768w, https:\/\/mcsoluciones.com.mx\/es\/wp-content\/uploads\/2026\/03\/TELEGRAM-LOGO-01-1536x1536.png 1536w\" sizes=\"auto, (max-width: 1891px) 100vw, 1891px\" \/><\/a><\/figure>\n\n<\/div><\/div>\n\n<div class=\"gb-grid-column gb-grid-column-09356637\"><div class=\"gb-container gb-container-09356637\">\n\n<figure class=\"gb-block-image gb-block-image-79051a14\"><a href=\"https:\/\/wa.me\/qr\/OC2L4HNNPAR4M1\"><img loading=\"lazy\" decoding=\"async\" width=\"1891\" height=\"1891\" class=\"gb-image gb-image-79051a14\" src=\"http:\/\/mcsoluciones.com.mx\/es\/wp-content\/uploads\/2026\/03\/WHATSAPP-LOGO-01.png\" alt=\"\" title=\"WHATSAPP\" srcset=\"https:\/\/mcsoluciones.com.mx\/es\/wp-content\/uploads\/2026\/03\/WHATSAPP-LOGO-01.png 1891w, https:\/\/mcsoluciones.com.mx\/es\/wp-content\/uploads\/2026\/03\/WHATSAPP-LOGO-01-300x300.png 300w, https:\/\/mcsoluciones.com.mx\/es\/wp-content\/uploads\/2026\/03\/WHATSAPP-LOGO-01-1024x1024.png 1024w, https:\/\/mcsoluciones.com.mx\/es\/wp-content\/uploads\/2026\/03\/WHATSAPP-LOGO-01-150x150.png 150w, https:\/\/mcsoluciones.com.mx\/es\/wp-content\/uploads\/2026\/03\/WHATSAPP-LOGO-01-768x768.png 768w, https:\/\/mcsoluciones.com.mx\/es\/wp-content\/uploads\/2026\/03\/WHATSAPP-LOGO-01-1536x1536.png 1536w\" sizes=\"auto, (max-width: 1891px) 100vw, 1891px\" \/><\/a><\/figure>\n\n<\/div><\/div>\n<\/div>\n<\/div>\n<\/div>\n<\/div>\n<\/div>\n<\/div>\n\n\n<p class=\"wp-block-paragraph\"><\/p>\n","protected":false},"excerpt":{"rendered":"<p>Terap\u00e9uticas \u00bfQue son las Tablillas Terap\u00e9uticas? Dise\u00f1adas y elaboradas desde el a\u00f1o 2014. Las Tablillas Terap\u00e9uticas Rihbenden son aparatos fabricados por medio de nanocapas y nanoesferas de Grafeno, que utilizan la energ\u00eda que se encuentra a su alrededor, transform\u00e1ndola. Son totalmente ecol\u00f3gicas, con un sustrato flexible e inocuo, sobre el cual se deposita capa por [&hellip;]<\/p>\n","protected":false},"author":1,"featured_media":0,"parent":0,"menu_order":0,"comment_status":"closed","ping_status":"closed","template":"","meta":{"_crdt_document":"","footnotes":""},"class_list":["post-116","page","type-page","status-publish","hentry"],"blocksy_meta":[],"featured_image_src":null,"yoast_head":"<!-- This site is optimized with the Yoast SEO plugin v27.5 - https:\/\/yoast.com\/product\/yoast-seo-wordpress\/ -->\n<title>Terap\u00e9uticas - MC Soluciones<\/title>\n<meta name=\"robots\" content=\"noindex, follow, max-snippet:-1, max-image-preview:large, max-video-preview:-1\" \/>\n<meta property=\"og:locale\" content=\"es_ES\" \/>\n<meta property=\"og:type\" content=\"article\" \/>\n<meta property=\"og:title\" content=\"Terap\u00e9uticas - MC Soluciones\" \/>\n<meta property=\"og:description\" content=\"Terap\u00e9uticas \u00bfQue son las Tablillas Terap\u00e9uticas? Dise\u00f1adas y elaboradas desde el a\u00f1o 2014. Las Tablillas Terap\u00e9uticas Rihbenden son aparatos fabricados por medio de nanocapas y nanoesferas de Grafeno, que utilizan la energ\u00eda que se encuentra a su alrededor, transform\u00e1ndola. Son totalmente ecol\u00f3gicas, con un sustrato flexible e inocuo, sobre el cual se deposita capa por [&hellip;]\" \/>\n<meta property=\"og:url\" content=\"https:\/\/mcsoluciones.com.mx\/es\/rihbenden-terapeuticas\/\" \/>\n<meta property=\"og:site_name\" content=\"MC Soluciones\" \/>\n<meta property=\"article:modified_time\" content=\"2026-03-05T21:41:27+00:00\" \/>\n<meta property=\"og:image\" content=\"http:\/\/mcsoluciones.com.mx\/es\/wp-content\/uploads\/2023\/05\/RIH-GDE-B4.png\" \/>\n<meta name=\"twitter:card\" content=\"summary_large_image\" \/>\n<meta name=\"twitter:label1\" content=\"Tiempo de lectura\" \/>\n\t<meta name=\"twitter:data1\" content=\"3 minutos\" \/>\n<script type=\"application\/ld+json\" class=\"yoast-schema-graph\">{\"@context\":\"https:\\\/\\\/schema.org\",\"@graph\":[{\"@type\":\"WebPage\",\"@id\":\"https:\\\/\\\/mcsoluciones.com.mx\\\/es\\\/rihbenden-terapeuticas\\\/\",\"url\":\"https:\\\/\\\/mcsoluciones.com.mx\\\/es\\\/rihbenden-terapeuticas\\\/\",\"name\":\"Terap\u00e9uticas - MC Soluciones\",\"isPartOf\":{\"@id\":\"https:\\\/\\\/mcsoluciones.com.mx\\\/es\\\/#website\"},\"primaryImageOfPage\":{\"@id\":\"https:\\\/\\\/mcsoluciones.com.mx\\\/es\\\/rihbenden-terapeuticas\\\/#primaryimage\"},\"image\":{\"@id\":\"https:\\\/\\\/mcsoluciones.com.mx\\\/es\\\/rihbenden-terapeuticas\\\/#primaryimage\"},\"thumbnailUrl\":\"http:\\\/\\\/mcsoluciones.com.mx\\\/es\\\/wp-content\\\/uploads\\\/2023\\\/05\\\/RIH-GDE-B4.png\",\"datePublished\":\"2023-05-19T19:17:31+00:00\",\"dateModified\":\"2026-03-05T21:41:27+00:00\",\"breadcrumb\":{\"@id\":\"https:\\\/\\\/mcsoluciones.com.mx\\\/es\\\/rihbenden-terapeuticas\\\/#breadcrumb\"},\"inLanguage\":\"es\",\"potentialAction\":[{\"@type\":\"ReadAction\",\"target\":[\"https:\\\/\\\/mcsoluciones.com.mx\\\/es\\\/rihbenden-terapeuticas\\\/\"]}]},{\"@type\":\"ImageObject\",\"inLanguage\":\"es\",\"@id\":\"https:\\\/\\\/mcsoluciones.com.mx\\\/es\\\/rihbenden-terapeuticas\\\/#primaryimage\",\"url\":\"https:\\\/\\\/mcsoluciones.com.mx\\\/es\\\/wp-content\\\/uploads\\\/2023\\\/05\\\/RIH-GDE-B4.png\",\"contentUrl\":\"https:\\\/\\\/mcsoluciones.com.mx\\\/es\\\/wp-content\\\/uploads\\\/2023\\\/05\\\/RIH-GDE-B4.png\",\"width\":300,\"height\":300},{\"@type\":\"BreadcrumbList\",\"@id\":\"https:\\\/\\\/mcsoluciones.com.mx\\\/es\\\/rihbenden-terapeuticas\\\/#breadcrumb\",\"itemListElement\":[{\"@type\":\"ListItem\",\"position\":1,\"name\":\"Home\",\"item\":\"http:\\\/\\\/mcsoluciones.com.mx\\\/es\\\/\"},{\"@type\":\"ListItem\",\"position\":2,\"name\":\"Terap\u00e9uticas\"}]},{\"@type\":\"WebSite\",\"@id\":\"https:\\\/\\\/mcsoluciones.com.mx\\\/es\\\/#website\",\"url\":\"https:\\\/\\\/mcsoluciones.com.mx\\\/es\\\/\",\"name\":\"MC Soluciones\",\"description\":\"Creando nanotecnolog\u00eda para su bienestar desde 2014.\",\"publisher\":{\"@id\":\"https:\\\/\\\/mcsoluciones.com.mx\\\/es\\\/#organization\"},\"potentialAction\":[{\"@type\":\"SearchAction\",\"target\":{\"@type\":\"EntryPoint\",\"urlTemplate\":\"https:\\\/\\\/mcsoluciones.com.mx\\\/es\\\/?s={search_term_string}\"},\"query-input\":{\"@type\":\"PropertyValueSpecification\",\"valueRequired\":true,\"valueName\":\"search_term_string\"}}],\"inLanguage\":\"es\"},{\"@type\":\"Organization\",\"@id\":\"https:\\\/\\\/mcsoluciones.com.mx\\\/es\\\/#organization\",\"name\":\"MC Soluciones\",\"url\":\"https:\\\/\\\/mcsoluciones.com.mx\\\/es\\\/\",\"logo\":{\"@type\":\"ImageObject\",\"inLanguage\":\"es\",\"@id\":\"https:\\\/\\\/mcsoluciones.com.mx\\\/es\\\/#\\\/schema\\\/logo\\\/image\\\/\",\"url\":\"https:\\\/\\\/mcsoluciones.com.mx\\\/es\\\/wp-content\\\/uploads\\\/2023\\\/06\\\/MC-SOLUCONES-LOGO-05-06-2023-02.png\",\"contentUrl\":\"https:\\\/\\\/mcsoluciones.com.mx\\\/es\\\/wp-content\\\/uploads\\\/2023\\\/06\\\/MC-SOLUCONES-LOGO-05-06-2023-02.png\",\"width\":372,\"height\":71,\"caption\":\"MC Soluciones\"},\"image\":{\"@id\":\"https:\\\/\\\/mcsoluciones.com.mx\\\/es\\\/#\\\/schema\\\/logo\\\/image\\\/\"}}]}<\/script>\n<!-- \/ Yoast SEO plugin. -->","yoast_head_json":{"title":"Terap\u00e9uticas - MC Soluciones","robots":{"index":"noindex","follow":"follow","max-snippet":"max-snippet:-1","max-image-preview":"max-image-preview:large","max-video-preview":"max-video-preview:-1"},"og_locale":"es_ES","og_type":"article","og_title":"Terap\u00e9uticas - MC Soluciones","og_description":"Terap\u00e9uticas \u00bfQue son las Tablillas Terap\u00e9uticas? Dise\u00f1adas y elaboradas desde el a\u00f1o 2014. Las Tablillas Terap\u00e9uticas Rihbenden son aparatos fabricados por medio de nanocapas y nanoesferas de Grafeno, que utilizan la energ\u00eda que se encuentra a su alrededor, transform\u00e1ndola. Son totalmente ecol\u00f3gicas, con un sustrato flexible e inocuo, sobre el cual se deposita capa por [&hellip;]","og_url":"https:\/\/mcsoluciones.com.mx\/es\/rihbenden-terapeuticas\/","og_site_name":"MC Soluciones","article_modified_time":"2026-03-05T21:41:27+00:00","og_image":[{"url":"http:\/\/mcsoluciones.com.mx\/es\/wp-content\/uploads\/2023\/05\/RIH-GDE-B4.png","type":"","width":"","height":""}],"twitter_card":"summary_large_image","twitter_misc":{"Tiempo de lectura":"3 minutos"},"schema":{"@context":"https:\/\/schema.org","@graph":[{"@type":"WebPage","@id":"https:\/\/mcsoluciones.com.mx\/es\/rihbenden-terapeuticas\/","url":"https:\/\/mcsoluciones.com.mx\/es\/rihbenden-terapeuticas\/","name":"Terap\u00e9uticas - MC Soluciones","isPartOf":{"@id":"https:\/\/mcsoluciones.com.mx\/es\/#website"},"primaryImageOfPage":{"@id":"https:\/\/mcsoluciones.com.mx\/es\/rihbenden-terapeuticas\/#primaryimage"},"image":{"@id":"https:\/\/mcsoluciones.com.mx\/es\/rihbenden-terapeuticas\/#primaryimage"},"thumbnailUrl":"http:\/\/mcsoluciones.com.mx\/es\/wp-content\/uploads\/2023\/05\/RIH-GDE-B4.png","datePublished":"2023-05-19T19:17:31+00:00","dateModified":"2026-03-05T21:41:27+00:00","breadcrumb":{"@id":"https:\/\/mcsoluciones.com.mx\/es\/rihbenden-terapeuticas\/#breadcrumb"},"inLanguage":"es","potentialAction":[{"@type":"ReadAction","target":["https:\/\/mcsoluciones.com.mx\/es\/rihbenden-terapeuticas\/"]}]},{"@type":"ImageObject","inLanguage":"es","@id":"https:\/\/mcsoluciones.com.mx\/es\/rihbenden-terapeuticas\/#primaryimage","url":"https:\/\/mcsoluciones.com.mx\/es\/wp-content\/uploads\/2023\/05\/RIH-GDE-B4.png","contentUrl":"https:\/\/mcsoluciones.com.mx\/es\/wp-content\/uploads\/2023\/05\/RIH-GDE-B4.png","width":300,"height":300},{"@type":"BreadcrumbList","@id":"https:\/\/mcsoluciones.com.mx\/es\/rihbenden-terapeuticas\/#breadcrumb","itemListElement":[{"@type":"ListItem","position":1,"name":"Home","item":"http:\/\/mcsoluciones.com.mx\/es\/"},{"@type":"ListItem","position":2,"name":"Terap\u00e9uticas"}]},{"@type":"WebSite","@id":"https:\/\/mcsoluciones.com.mx\/es\/#website","url":"https:\/\/mcsoluciones.com.mx\/es\/","name":"MC Soluciones","description":"Creando nanotecnolog\u00eda para su bienestar desde 2014.","publisher":{"@id":"https:\/\/mcsoluciones.com.mx\/es\/#organization"},"potentialAction":[{"@type":"SearchAction","target":{"@type":"EntryPoint","urlTemplate":"https:\/\/mcsoluciones.com.mx\/es\/?s={search_term_string}"},"query-input":{"@type":"PropertyValueSpecification","valueRequired":true,"valueName":"search_term_string"}}],"inLanguage":"es"},{"@type":"Organization","@id":"https:\/\/mcsoluciones.com.mx\/es\/#organization","name":"MC Soluciones","url":"https:\/\/mcsoluciones.com.mx\/es\/","logo":{"@type":"ImageObject","inLanguage":"es","@id":"https:\/\/mcsoluciones.com.mx\/es\/#\/schema\/logo\/image\/","url":"https:\/\/mcsoluciones.com.mx\/es\/wp-content\/uploads\/2023\/06\/MC-SOLUCONES-LOGO-05-06-2023-02.png","contentUrl":"https:\/\/mcsoluciones.com.mx\/es\/wp-content\/uploads\/2023\/06\/MC-SOLUCONES-LOGO-05-06-2023-02.png","width":372,"height":71,"caption":"MC Soluciones"},"image":{"@id":"https:\/\/mcsoluciones.com.mx\/es\/#\/schema\/logo\/image\/"}}]}},"_links":{"self":[{"href":"https:\/\/mcsoluciones.com.mx\/es\/wp-json\/wp\/v2\/pages\/116","targetHints":{"allow":["GET"]}}],"collection":[{"href":"https:\/\/mcsoluciones.com.mx\/es\/wp-json\/wp\/v2\/pages"}],"about":[{"href":"https:\/\/mcsoluciones.com.mx\/es\/wp-json\/wp\/v2\/types\/page"}],"author":[{"embeddable":true,"href":"https:\/\/mcsoluciones.com.mx\/es\/wp-json\/wp\/v2\/users\/1"}],"replies":[{"embeddable":true,"href":"https:\/\/mcsoluciones.com.mx\/es\/wp-json\/wp\/v2\/comments?post=116"}],"version-history":[{"count":75,"href":"https:\/\/mcsoluciones.com.mx\/es\/wp-json\/wp\/v2\/pages\/116\/revisions"}],"predecessor-version":[{"id":1301,"href":"https:\/\/mcsoluciones.com.mx\/es\/wp-json\/wp\/v2\/pages\/116\/revisions\/1301"}],"wp:attachment":[{"href":"https:\/\/mcsoluciones.com.mx\/es\/wp-json\/wp\/v2\/media?parent=116"}],"curies":[{"name":"wp","href":"https:\/\/api.w.org\/{rel}","templated":true}]}}