{"id":197,"date":"2023-05-22T22:06:58","date_gmt":"2023-05-23T04:06:58","guid":{"rendered":"https:\/\/rihbenden.mcsoluciones.com.mx\/es\/?page_id=197"},"modified":"2024-08-12T15:53:12","modified_gmt":"2024-08-12T21:53:12","slug":"rihbenden-exp-plantas","status":"publish","type":"page","link":"https:\/\/mcsoluciones.com.mx\/es\/rihbenden-exp-plantas\/","title":{"rendered":"Experimento plantas"},"content":{"rendered":"<div class=\"gb-container gb-container-e02ebf3b\">\n<div class=\"gb-container gb-container-69e99f3a\">\n<div class=\"gb-container gb-container-672b920f\">\n\n<p class=\"gb-headline gb-headline-527bdb75 gb-headline-text\">Experimento en plantas<\/p>\n\n<\/div>\n\n<div class=\"gb-container gb-container-358d9b48\">\n\n<p class=\"gb-headline gb-headline-576200c8 gb-headline-text\">Influencia en plantas y semillas.<\/p>\n\n\n\n<p class=\"gb-headline gb-headline-344c6f79 gb-headline-text\">  Al experimentar con plantas y semillas comprobamos su influencia ben\u00e9fica en las mismas.<\/p>\n\n\n\n<p class=\"gb-headline gb-headline-42caaed0 gb-headline-text\">  Las Tablillas Rihbenden dieron como resultado experimental que las plantas se revitalizaran, sus hojas y flores crecieran m\u00e1s sanas, con colores m\u00e1s vivos y lucieran mucho m\u00e1s.<\/p>\n\n\n\n<p class=\"gb-headline gb-headline-87086a77 gb-headline-text\">  Se realizaron diversos experimentos que nos ayudaron a confirmar la influencia de las tablillas. <\/p>\n\n<\/div>\n\n<div class=\"gb-container gb-container-bc3e69d3\">\n\n<p class=\"gb-headline gb-headline-b9cd6824 gb-headline-text\">Experimento.<\/p>\n\n\n\n<p class=\"gb-headline gb-headline-78eda731 gb-headline-text\">   Se colocaron algunas semillas para germinar en 2 recipientes, a uno de ellos se le coloc\u00f3 en la base un apilado de tablillas (las de color naranja y verde)  y al otro un apilado de cuadros de foamy (los de color blanco).     <strong>Despu\u00e9s de 1 semana el recipiente con las tablillas mostraba pl\u00e1ntulas con un crecimiento considerable<\/strong> y el recipiente con base de foamy s\u00f3lo mostraba el inicio del brote que normalmente muestran.<\/p>\n\n<\/div>\n\n<div class=\"gb-container gb-container-cc80f267\">\n<div class=\"gb-grid-wrapper gb-grid-wrapper-91ac7a38\">\n<div class=\"gb-grid-column gb-grid-column-8eb5f192\"><div class=\"gb-container gb-container-8eb5f192 rih-fondo-b \">\n<div class=\"gb-container gb-container-ec346dda\">\n\n<figure class=\"wp-block-image size-large has-custom-border\"><a href=\"http:\/\/mcsoluciones.com.mx\/es\/wp-content\/uploads\/2023\/05\/geminado_01_1920_1.jpg\"><img loading=\"lazy\" decoding=\"async\" width=\"1024\" height=\"683\" src=\"http:\/\/mcsoluciones.com.mx\/es\/wp-content\/uploads\/2023\/05\/geminado_01_1920_1-1024x683.jpg\" alt=\"\" class=\"wp-image-208\" style=\"border-radius:10px\" srcset=\"https:\/\/mcsoluciones.com.mx\/es\/wp-content\/uploads\/2023\/05\/geminado_01_1920_1-1024x683.jpg 1024w, https:\/\/mcsoluciones.com.mx\/es\/wp-content\/uploads\/2023\/05\/geminado_01_1920_1-300x200.jpg 300w, https:\/\/mcsoluciones.com.mx\/es\/wp-content\/uploads\/2023\/05\/geminado_01_1920_1-768x512.jpg 768w, https:\/\/mcsoluciones.com.mx\/es\/wp-content\/uploads\/2023\/05\/geminado_01_1920_1-1536x1024.jpg 1536w, https:\/\/mcsoluciones.com.mx\/es\/wp-content\/uploads\/2023\/05\/geminado_01_1920_1.jpg 1920w\" sizes=\"auto, (max-width: 1024px) 100vw, 1024px\" \/><\/a><\/figure>\n\n<\/div>\n\n\n<p class=\"gb-headline gb-headline-931efaf6 gb-headline-text\">Tablillas de 9 x 9 cm.<\/p>\n\n\n\n<p class=\"gb-headline gb-headline-3b349e77 gb-headline-text\">Semillas al d\u00eda 3 de germinaci\u00f3n.<\/p>\n\n<\/div><\/div>\n\n<div class=\"gb-grid-column gb-grid-column-a9b2add5\"><div class=\"gb-container gb-container-a9b2add5 rih-fondo-b\">\n\n<figure class=\"wp-block-image size-large has-custom-border\"><a href=\"http:\/\/mcsoluciones.com.mx\/es\/wp-content\/uploads\/2023\/05\/geminado_02_1920_1.jpg\"><img loading=\"lazy\" decoding=\"async\" width=\"1024\" height=\"683\" src=\"http:\/\/mcsoluciones.com.mx\/es\/wp-content\/uploads\/2023\/05\/geminado_02_1920_1-1024x683.jpg\" alt=\"\" class=\"wp-image-212\" style=\"border-radius:10px\" srcset=\"https:\/\/mcsoluciones.com.mx\/es\/wp-content\/uploads\/2023\/05\/geminado_02_1920_1-1024x683.jpg 1024w, https:\/\/mcsoluciones.com.mx\/es\/wp-content\/uploads\/2023\/05\/geminado_02_1920_1-300x200.jpg 300w, https:\/\/mcsoluciones.com.mx\/es\/wp-content\/uploads\/2023\/05\/geminado_02_1920_1-768x512.jpg 768w, https:\/\/mcsoluciones.com.mx\/es\/wp-content\/uploads\/2023\/05\/geminado_02_1920_1-1536x1024.jpg 1536w, https:\/\/mcsoluciones.com.mx\/es\/wp-content\/uploads\/2023\/05\/geminado_02_1920_1.jpg 1920w\" sizes=\"auto, (max-width: 1024px) 100vw, 1024px\" \/><\/a><\/figure>\n\n\n\n<p class=\"gb-headline gb-headline-9a2bff22 gb-headline-text\">Tablillas de 9 x 9 cm.<\/p>\n\n\n\n<p class=\"gb-headline gb-headline-bc6715d3 gb-headline-text\">Semillas al d\u00eda 7 de germinaci\u00f3n.<\/p>\n\n<\/div><\/div>\n<\/div>\n<\/div>\n\n<div class=\"gb-container gb-container-9e1a7000\">\n\n<p class=\"gb-headline gb-headline-6fa7e63a gb-headline-text\">Resultados:<\/p>\n\n\n\n<p class=\"gb-headline gb-headline-3406b2c5 gb-headline-text\">&#8212; En el experimento se apreci\u00f3 la influencia de las Tablillas  (de color naranja y verde)  en la germinaci\u00f3n de semillas.<\/p>\n\n\n\n<p class=\"gb-headline gb-headline-634ef596 gb-headline-text\">&#8212; Las Tablillas se encuentran bajo el recipiente del lado izquierdo y permanecieron durante todo el proceso de germinaci\u00f3n.<\/p>\n\n\n\n<p class=\"gb-headline gb-headline-04b7d107 gb-headline-text\">&#8212; Como puede notarse, en el recipiente del lado izquierdo las semillas germinadas muestran claramente un mayor desarrollo en el mismo lapso de tiempo en comparaci\u00f3n al recipiente del lado derecho.<\/p>\n\n\n\n<p class=\"gb-headline gb-headline-b515807d gb-headline-text\">&#8212; Foamy blanco bajo el recipiente del lado derecho es \u00fanicamente para que ambos tuvieran la misma altura.<\/p>\n\n<\/div>\n<\/div>\n<\/div>","protected":false},"excerpt":{"rendered":"<p>Experimento en plantas Influencia en plantas y semillas. Al experimentar con plantas y semillas comprobamos su influencia ben\u00e9fica en las mismas. Las Tablillas Rihbenden dieron como resultado experimental que las plantas se revitalizaran, sus hojas y flores crecieran m\u00e1s sanas, con colores m\u00e1s vivos y lucieran mucho m\u00e1s. Se realizaron diversos experimentos que nos ayudaron [&hellip;]<\/p>\n","protected":false},"author":1,"featured_media":0,"parent":0,"menu_order":0,"comment_status":"closed","ping_status":"closed","template":"","meta":{"_crdt_document":"","footnotes":""},"class_list":["post-197","page","type-page","status-publish","hentry"],"blocksy_meta":[],"featured_image_src":null,"yoast_head":"<!-- This site is optimized with the Yoast SEO plugin v27.5 - https:\/\/yoast.com\/product\/yoast-seo-wordpress\/ -->\n<title>Experimento plantas - MC Soluciones<\/title>\n<meta name=\"robots\" content=\"noindex, follow, max-snippet:-1, max-image-preview:large, max-video-preview:-1\" \/>\n<meta property=\"og:locale\" content=\"es_ES\" \/>\n<meta property=\"og:type\" content=\"article\" \/>\n<meta property=\"og:title\" content=\"Experimento plantas - MC Soluciones\" \/>\n<meta property=\"og:description\" content=\"Experimento en plantas Influencia en plantas y semillas. Al experimentar con plantas y semillas comprobamos su influencia ben\u00e9fica en las mismas. Las Tablillas Rihbenden dieron como resultado experimental que las plantas se revitalizaran, sus hojas y flores crecieran m\u00e1s sanas, con colores m\u00e1s vivos y lucieran mucho m\u00e1s. Se realizaron diversos experimentos que nos ayudaron [&hellip;]\" \/>\n<meta property=\"og:url\" content=\"https:\/\/mcsoluciones.com.mx\/es\/rihbenden-exp-plantas\/\" \/>\n<meta property=\"og:site_name\" content=\"MC Soluciones\" \/>\n<meta property=\"article:modified_time\" content=\"2024-08-12T21:53:12+00:00\" \/>\n<meta property=\"og:image\" content=\"http:\/\/mcsoluciones.com.mx\/es\/wp-content\/uploads\/2023\/05\/geminado_01_1920_1-1024x683.jpg\" \/>\n<meta name=\"twitter:card\" content=\"summary_large_image\" \/>\n<meta name=\"twitter:label1\" content=\"Tiempo de lectura\" \/>\n\t<meta name=\"twitter:data1\" content=\"2 minutos\" \/>\n<script type=\"application\/ld+json\" class=\"yoast-schema-graph\">{\"@context\":\"https:\\\/\\\/schema.org\",\"@graph\":[{\"@type\":\"WebPage\",\"@id\":\"https:\\\/\\\/mcsoluciones.com.mx\\\/es\\\/rihbenden-exp-plantas\\\/\",\"url\":\"https:\\\/\\\/mcsoluciones.com.mx\\\/es\\\/rihbenden-exp-plantas\\\/\",\"name\":\"Experimento plantas - MC Soluciones\",\"isPartOf\":{\"@id\":\"https:\\\/\\\/mcsoluciones.com.mx\\\/es\\\/#website\"},\"primaryImageOfPage\":{\"@id\":\"https:\\\/\\\/mcsoluciones.com.mx\\\/es\\\/rihbenden-exp-plantas\\\/#primaryimage\"},\"image\":{\"@id\":\"https:\\\/\\\/mcsoluciones.com.mx\\\/es\\\/rihbenden-exp-plantas\\\/#primaryimage\"},\"thumbnailUrl\":\"http:\\\/\\\/mcsoluciones.com.mx\\\/es\\\/wp-content\\\/uploads\\\/2023\\\/05\\\/geminado_01_1920_1-1024x683.jpg\",\"datePublished\":\"2023-05-23T04:06:58+00:00\",\"dateModified\":\"2024-08-12T21:53:12+00:00\",\"breadcrumb\":{\"@id\":\"https:\\\/\\\/mcsoluciones.com.mx\\\/es\\\/rihbenden-exp-plantas\\\/#breadcrumb\"},\"inLanguage\":\"es\",\"potentialAction\":[{\"@type\":\"ReadAction\",\"target\":[\"https:\\\/\\\/mcsoluciones.com.mx\\\/es\\\/rihbenden-exp-plantas\\\/\"]}]},{\"@type\":\"ImageObject\",\"inLanguage\":\"es\",\"@id\":\"https:\\\/\\\/mcsoluciones.com.mx\\\/es\\\/rihbenden-exp-plantas\\\/#primaryimage\",\"url\":\"https:\\\/\\\/mcsoluciones.com.mx\\\/es\\\/wp-content\\\/uploads\\\/2023\\\/05\\\/geminado_01_1920_1.jpg\",\"contentUrl\":\"https:\\\/\\\/mcsoluciones.com.mx\\\/es\\\/wp-content\\\/uploads\\\/2023\\\/05\\\/geminado_01_1920_1.jpg\",\"width\":1920,\"height\":1280},{\"@type\":\"BreadcrumbList\",\"@id\":\"https:\\\/\\\/mcsoluciones.com.mx\\\/es\\\/rihbenden-exp-plantas\\\/#breadcrumb\",\"itemListElement\":[{\"@type\":\"ListItem\",\"position\":1,\"name\":\"Home\",\"item\":\"http:\\\/\\\/mcsoluciones.com.mx\\\/es\\\/\"},{\"@type\":\"ListItem\",\"position\":2,\"name\":\"Experimento plantas\"}]},{\"@type\":\"WebSite\",\"@id\":\"https:\\\/\\\/mcsoluciones.com.mx\\\/es\\\/#website\",\"url\":\"https:\\\/\\\/mcsoluciones.com.mx\\\/es\\\/\",\"name\":\"MC Soluciones\",\"description\":\"Creando nanotecnolog\u00eda para su bienestar desde 2014.\",\"publisher\":{\"@id\":\"https:\\\/\\\/mcsoluciones.com.mx\\\/es\\\/#organization\"},\"potentialAction\":[{\"@type\":\"SearchAction\",\"target\":{\"@type\":\"EntryPoint\",\"urlTemplate\":\"https:\\\/\\\/mcsoluciones.com.mx\\\/es\\\/?s={search_term_string}\"},\"query-input\":{\"@type\":\"PropertyValueSpecification\",\"valueRequired\":true,\"valueName\":\"search_term_string\"}}],\"inLanguage\":\"es\"},{\"@type\":\"Organization\",\"@id\":\"https:\\\/\\\/mcsoluciones.com.mx\\\/es\\\/#organization\",\"name\":\"MC Soluciones\",\"url\":\"https:\\\/\\\/mcsoluciones.com.mx\\\/es\\\/\",\"logo\":{\"@type\":\"ImageObject\",\"inLanguage\":\"es\",\"@id\":\"https:\\\/\\\/mcsoluciones.com.mx\\\/es\\\/#\\\/schema\\\/logo\\\/image\\\/\",\"url\":\"https:\\\/\\\/mcsoluciones.com.mx\\\/es\\\/wp-content\\\/uploads\\\/2023\\\/06\\\/MC-SOLUCONES-LOGO-05-06-2023-02.png\",\"contentUrl\":\"https:\\\/\\\/mcsoluciones.com.mx\\\/es\\\/wp-content\\\/uploads\\\/2023\\\/06\\\/MC-SOLUCONES-LOGO-05-06-2023-02.png\",\"width\":372,\"height\":71,\"caption\":\"MC Soluciones\"},\"image\":{\"@id\":\"https:\\\/\\\/mcsoluciones.com.mx\\\/es\\\/#\\\/schema\\\/logo\\\/image\\\/\"}}]}<\/script>\n<!-- \/ Yoast SEO plugin. -->","yoast_head_json":{"title":"Experimento plantas - MC Soluciones","robots":{"index":"noindex","follow":"follow","max-snippet":"max-snippet:-1","max-image-preview":"max-image-preview:large","max-video-preview":"max-video-preview:-1"},"og_locale":"es_ES","og_type":"article","og_title":"Experimento plantas - MC Soluciones","og_description":"Experimento en plantas Influencia en plantas y semillas. Al experimentar con plantas y semillas comprobamos su influencia ben\u00e9fica en las mismas. Las Tablillas Rihbenden dieron como resultado experimental que las plantas se revitalizaran, sus hojas y flores crecieran m\u00e1s sanas, con colores m\u00e1s vivos y lucieran mucho m\u00e1s. Se realizaron diversos experimentos que nos ayudaron [&hellip;]","og_url":"https:\/\/mcsoluciones.com.mx\/es\/rihbenden-exp-plantas\/","og_site_name":"MC Soluciones","article_modified_time":"2024-08-12T21:53:12+00:00","og_image":[{"url":"http:\/\/mcsoluciones.com.mx\/es\/wp-content\/uploads\/2023\/05\/geminado_01_1920_1-1024x683.jpg","type":"","width":"","height":""}],"twitter_card":"summary_large_image","twitter_misc":{"Tiempo de lectura":"2 minutos"},"schema":{"@context":"https:\/\/schema.org","@graph":[{"@type":"WebPage","@id":"https:\/\/mcsoluciones.com.mx\/es\/rihbenden-exp-plantas\/","url":"https:\/\/mcsoluciones.com.mx\/es\/rihbenden-exp-plantas\/","name":"Experimento plantas - MC Soluciones","isPartOf":{"@id":"https:\/\/mcsoluciones.com.mx\/es\/#website"},"primaryImageOfPage":{"@id":"https:\/\/mcsoluciones.com.mx\/es\/rihbenden-exp-plantas\/#primaryimage"},"image":{"@id":"https:\/\/mcsoluciones.com.mx\/es\/rihbenden-exp-plantas\/#primaryimage"},"thumbnailUrl":"http:\/\/mcsoluciones.com.mx\/es\/wp-content\/uploads\/2023\/05\/geminado_01_1920_1-1024x683.jpg","datePublished":"2023-05-23T04:06:58+00:00","dateModified":"2024-08-12T21:53:12+00:00","breadcrumb":{"@id":"https:\/\/mcsoluciones.com.mx\/es\/rihbenden-exp-plantas\/#breadcrumb"},"inLanguage":"es","potentialAction":[{"@type":"ReadAction","target":["https:\/\/mcsoluciones.com.mx\/es\/rihbenden-exp-plantas\/"]}]},{"@type":"ImageObject","inLanguage":"es","@id":"https:\/\/mcsoluciones.com.mx\/es\/rihbenden-exp-plantas\/#primaryimage","url":"https:\/\/mcsoluciones.com.mx\/es\/wp-content\/uploads\/2023\/05\/geminado_01_1920_1.jpg","contentUrl":"https:\/\/mcsoluciones.com.mx\/es\/wp-content\/uploads\/2023\/05\/geminado_01_1920_1.jpg","width":1920,"height":1280},{"@type":"BreadcrumbList","@id":"https:\/\/mcsoluciones.com.mx\/es\/rihbenden-exp-plantas\/#breadcrumb","itemListElement":[{"@type":"ListItem","position":1,"name":"Home","item":"http:\/\/mcsoluciones.com.mx\/es\/"},{"@type":"ListItem","position":2,"name":"Experimento plantas"}]},{"@type":"WebSite","@id":"https:\/\/mcsoluciones.com.mx\/es\/#website","url":"https:\/\/mcsoluciones.com.mx\/es\/","name":"MC Soluciones","description":"Creando nanotecnolog\u00eda para su bienestar desde 2014.","publisher":{"@id":"https:\/\/mcsoluciones.com.mx\/es\/#organization"},"potentialAction":[{"@type":"SearchAction","target":{"@type":"EntryPoint","urlTemplate":"https:\/\/mcsoluciones.com.mx\/es\/?s={search_term_string}"},"query-input":{"@type":"PropertyValueSpecification","valueRequired":true,"valueName":"search_term_string"}}],"inLanguage":"es"},{"@type":"Organization","@id":"https:\/\/mcsoluciones.com.mx\/es\/#organization","name":"MC Soluciones","url":"https:\/\/mcsoluciones.com.mx\/es\/","logo":{"@type":"ImageObject","inLanguage":"es","@id":"https:\/\/mcsoluciones.com.mx\/es\/#\/schema\/logo\/image\/","url":"https:\/\/mcsoluciones.com.mx\/es\/wp-content\/uploads\/2023\/06\/MC-SOLUCONES-LOGO-05-06-2023-02.png","contentUrl":"https:\/\/mcsoluciones.com.mx\/es\/wp-content\/uploads\/2023\/06\/MC-SOLUCONES-LOGO-05-06-2023-02.png","width":372,"height":71,"caption":"MC Soluciones"},"image":{"@id":"https:\/\/mcsoluciones.com.mx\/es\/#\/schema\/logo\/image\/"}}]}},"_links":{"self":[{"href":"https:\/\/mcsoluciones.com.mx\/es\/wp-json\/wp\/v2\/pages\/197","targetHints":{"allow":["GET"]}}],"collection":[{"href":"https:\/\/mcsoluciones.com.mx\/es\/wp-json\/wp\/v2\/pages"}],"about":[{"href":"https:\/\/mcsoluciones.com.mx\/es\/wp-json\/wp\/v2\/types\/page"}],"author":[{"embeddable":true,"href":"https:\/\/mcsoluciones.com.mx\/es\/wp-json\/wp\/v2\/users\/1"}],"replies":[{"embeddable":true,"href":"https:\/\/mcsoluciones.com.mx\/es\/wp-json\/wp\/v2\/comments?post=197"}],"version-history":[{"count":50,"href":"https:\/\/mcsoluciones.com.mx\/es\/wp-json\/wp\/v2\/pages\/197\/revisions"}],"predecessor-version":[{"id":961,"href":"https:\/\/mcsoluciones.com.mx\/es\/wp-json\/wp\/v2\/pages\/197\/revisions\/961"}],"wp:attachment":[{"href":"https:\/\/mcsoluciones.com.mx\/es\/wp-json\/wp\/v2\/media?parent=197"}],"curies":[{"name":"wp","href":"https:\/\/api.w.org\/{rel}","templated":true}]}}