{"id":261,"date":"2023-05-23T22:18:36","date_gmt":"2023-05-24T04:18:36","guid":{"rendered":"https:\/\/rihbenden.mcsoluciones.com.mx\/es\/?page_id=261"},"modified":"2024-08-12T15:52:37","modified_gmt":"2024-08-12T21:52:37","slug":"rihbenden-exp-agua","status":"publish","type":"page","link":"https:\/\/mcsoluciones.com.mx\/es\/rihbenden-exp-agua\/","title":{"rendered":"Experimento Agua"},"content":{"rendered":"<div class=\"gb-container gb-container-c56299b4\">\n<div class=\"gb-container gb-container-2e590a7c\">\n<div class=\"gb-container gb-container-672b920f\">\n\n<p class=\"gb-headline gb-headline-527bdb75 gb-headline-text\">Experimento en agua<\/p>\n\n<\/div>\n\n<div class=\"gb-container gb-container-9d97704b\">\n\n<p class=\"gb-headline gb-headline-312694b3 gb-headline-text\">Influencia en agua.<\/p>\n\n\n\n<p class=\"gb-headline gb-headline-c9915a01 gb-headline-text\"> Al experimentar con las Tablillas Rihbenden en el agua, se observaron varios cambios que sin adicionarle ninguna sustancia y sin introducir alg\u00fan objeto, lograron modificarla.<\/p>\n\n\n\n<p class=\"gb-headline gb-headline-a04265da gb-headline-text\"> El experimento consist\u00eda en dejar una botella con agua embotellada adquirida en cualquier almacen sobre una pila de Tablillas (6 en total) por un lapso de 24 hrs. y observar o cuantificar los cambios obtenidos, si es que exist\u00edan.<\/p>\n\n<\/div>\n\n<div class=\"gb-container gb-container-7d4951f8\">\n\n<p class=\"gb-headline gb-headline-b4e976c1 gb-headline-text\">Primer experimento.<\/p>\n\n\n\n<p class=\"gb-headline gb-headline-f8465c6f gb-headline-text\"> Cambios de PH (potencial hidr\u00f3geno) en el agua embotellada.<\/p>\n\n\n\n<p class=\"gb-headline gb-headline-56b54687 gb-headline-text\">  El primer experimento se realiz\u00f3 con la finalidad de comprobar la si la Tablillas pod\u00edan tener alguna influencia o si podr\u00edan producir alg\u00fan cambio apreciable en el PH del agua embotellada. <\/p>\n\n\n\n<p class=\"gb-headline gb-headline-6e11d5f6 gb-headline-text\">El primer paso fu\u00e9 medir el PH del agua embotellada antes de colocarla sobre las Tablillas y despu\u00e9s del tiempo de espera volverlo a medir y cuantificar el cambio. A este periodo de espera le dimos el nombre de \u201cprocesamiento\u201d. El experimento consisti\u00f3 en tener varias 18 botellas de agua nuevas de la misma marca . Se tomaron medidas de PH, se dividieron en 2 partes, a 9 de ellas se dejaron como testigos y a las otras 9 se colocaron sobre una pila de 6 Tablillas cada una durante 24 hrs.<\/p>\n\n\n\n<p class=\"gb-headline gb-headline-1afa5a41 gb-headline-text\">Los resultados fueron los siguientes. Antes de \u201cprocesarlas\u201d el PH del agua embotellada fu\u00e9 de 7.3 unidades tanto del grupo testigo, como de las que se colocar\u00edan sobre la Tablillas. Una vez que habiendo pasado el tiempo de ya mencionado, se volvi\u00f3 a medir el PH del agua embotella tanto del grupo testigo como del grupo sometido a las Tablillas.  El grupo testigo continuo con el mismo PH es decir 7.3 unidades pero el grupo que se coloc\u00f3 sobre las Tablillas di\u00f3 como resultado un PH de 8.5 unidades promedio.<\/p>\n\n\n\n<p class=\"gb-headline gb-headline-65a4b785 gb-headline-text\">De esta forma cuantificamos (medimos)  la influencia de la energ\u00eda emitida por las Tablillas Rihbenden el agua embotellada.  Es decir se torn\u00f3 alcalina.<\/p>\n\n<\/div>\n\n<div class=\"gb-container gb-container-0603baec\">\n\n<p class=\"gb-headline gb-headline-23bf8cf1 gb-headline-text\">Segundo experimento.<\/p>\n\n\n\n<p class=\"gb-headline gb-headline-5b21bd65 gb-headline-text\">Cambios en agua de grifo y destilada al congelarla.<\/p>\n\n\n\n<p class=\"gb-headline gb-headline-fd323225 gb-headline-text\">Otro experimento fu\u00e9 ver si exist\u00eda algun cambio al congelar agua dentro del congelador de un refrigerador casero.  Este experimento se realizo en 14 ocaciones obteniendo similares resultados.<\/p>\n\n\n\n<p class=\"gb-headline gb-headline-a28b2a06 gb-headline-text\">Prueba con agua del grifo.<\/p>\n\n\n\n<p class=\"gb-headline gb-headline-0f09b279 gb-headline-text\">&#8212; Se coloc\u00f3 en el congelador un vaso con agua com\u00fan del grifo sobre un apilado de hojas de foamy para recrear las mismas condiciones entre los vasos.  Permaneci\u00f3 dentro del congelador un lapso de 24 Hrs.<\/p>\n\n\n\n<p class=\"gb-headline gb-headline-f6112b43 gb-headline-text\">&#8212; Despu\u00e9s se coloc\u00f3 en el congelador el segundo vaso con agua com\u00fan del grifo sobre un apilado de Tablillas Rihbenden. Permaneci\u00f3 dentro del congelador un lapso de 24 Hrs.<\/p>\n\n\n<div class=\"gb-container gb-container-2a737dc9\">\n\n<p class=\"gb-headline gb-headline-8a1af456 gb-headline-text\">Los resultados se muestran a continuaci\u00f3n.<\/p>\n\n\n<div class=\"gb-container gb-container-71269333\">\n<div class=\"gb-grid-wrapper gb-grid-wrapper-774de3fa\">\n<div class=\"gb-grid-column gb-grid-column-bcf21148\"><div class=\"gb-container gb-container-bcf21148 rih-fondo-b\">\n<div class=\"gb-container gb-container-df0d3787\">\n\n<figure class=\"wp-block-image size-large\"><a href=\"http:\/\/mcsoluciones.com.mx\/es\/wp-content\/uploads\/2023\/05\/vaso_hielo_05_1200.jpg\"><img loading=\"lazy\" decoding=\"async\" width=\"683\" height=\"1024\" src=\"http:\/\/mcsoluciones.com.mx\/es\/wp-content\/uploads\/2023\/05\/vaso_hielo_05_1200-683x1024.jpg\" alt=\"\" class=\"wp-image-268\" srcset=\"https:\/\/mcsoluciones.com.mx\/es\/wp-content\/uploads\/2023\/05\/vaso_hielo_05_1200-683x1024.jpg 683w, https:\/\/mcsoluciones.com.mx\/es\/wp-content\/uploads\/2023\/05\/vaso_hielo_05_1200-200x300.jpg 200w, https:\/\/mcsoluciones.com.mx\/es\/wp-content\/uploads\/2023\/05\/vaso_hielo_05_1200-768x1152.jpg 768w, https:\/\/mcsoluciones.com.mx\/es\/wp-content\/uploads\/2023\/05\/vaso_hielo_05_1200-1024x1536.jpg 1024w, https:\/\/mcsoluciones.com.mx\/es\/wp-content\/uploads\/2023\/05\/vaso_hielo_05_1200.jpg 1200w\" sizes=\"auto, (max-width: 683px) 100vw, 683px\" \/><\/a><\/figure>\n\n<\/div>\n\n<div class=\"gb-container gb-container-6850fb9e\">\n\n<p class=\"gb-headline gb-headline-b891f091 gb-headline-text\"><strong>Congelaci\u00f3n de agua sin Tablillas.<\/strong>&nbsp;&nbsp;&nbsp;Como puede observarse en esta fotograf\u00eda la formaci\u00f3n del agua congelada se encuentra bien definida, la zona opaca del hielo se concentra en un punto, formando un peque\u00f1o huevo al centro. La concentraci\u00f3n del congelamiento opaco es del centro hacia arriba y afuera formando capas en la parte superior que se van multiplicando hacia abajo.<\/p>\n\n<\/div>\n<\/div><\/div>\n\n<div class=\"gb-grid-column gb-grid-column-cfe6d847\"><div class=\"gb-container gb-container-cfe6d847 rih-fondo-b\">\n<div class=\"gb-container gb-container-a24c4cb5\">\n\n<figure class=\"wp-block-image size-large\"><a href=\"http:\/\/mcsoluciones.com.mx\/es\/wp-content\/uploads\/2023\/05\/vaso_hielo_06_1200.jpg\"><img loading=\"lazy\" decoding=\"async\" width=\"681\" height=\"1024\" src=\"http:\/\/mcsoluciones.com.mx\/es\/wp-content\/uploads\/2023\/05\/vaso_hielo_06_1200-681x1024.jpg\" alt=\"\" class=\"wp-image-269\" srcset=\"https:\/\/mcsoluciones.com.mx\/es\/wp-content\/uploads\/2023\/05\/vaso_hielo_06_1200-681x1024.jpg 681w, https:\/\/mcsoluciones.com.mx\/es\/wp-content\/uploads\/2023\/05\/vaso_hielo_06_1200-200x300.jpg 200w, https:\/\/mcsoluciones.com.mx\/es\/wp-content\/uploads\/2023\/05\/vaso_hielo_06_1200-768x1155.jpg 768w, https:\/\/mcsoluciones.com.mx\/es\/wp-content\/uploads\/2023\/05\/vaso_hielo_06_1200-1022x1536.jpg 1022w, https:\/\/mcsoluciones.com.mx\/es\/wp-content\/uploads\/2023\/05\/vaso_hielo_06_1200.jpg 1200w\" sizes=\"auto, (max-width: 681px) 100vw, 681px\" \/><\/a><\/figure>\n\n<\/div>\n\n<div class=\"gb-container gb-container-276de903\">\n\n<p class=\"gb-headline gb-headline-8a61471a gb-headline-text\"><strong>Congelaci\u00f3n de agua con Tablillas Rihbenden.<\/strong>&nbsp;&nbsp;&nbsp;Como puede observarse en esta fotograf\u00eda la formaci\u00f3n del agua congelada se distribuye por todo el vaso. La zona m\u00e1s opaca del hielo se encuentra m\u00e1s generalizada, distribuy\u00e9ndose mejor a lo alto y ancho del vaso. En la parte superior del congelamiento se distinguen una especie de estr\u00edas que van en direcci\u00f3n al fondo del vaso.<\/p>\n\n<\/div>\n<\/div><\/div>\n<\/div>\n<\/div>\n<\/div>\n<\/div>\n\n<div class=\"gb-container gb-container-eb7c0435\">\n\n<p class=\"gb-headline gb-headline-09bee5d1 gb-headline-text\">Prueba con agua destilada.<\/p>\n\n\n\n<p class=\"gb-headline gb-headline-2bb5b1d0 gb-headline-text\"><strong>&#8212; Se coloc\u00f3 en el congelador un vaso con agua destilada sobre un apilado de hojas de foamy <\/strong>para recrear las mismas condiciones entre los vasos.  Permaneci\u00f3 dentro del congelador un lapso de 24 Hrs.<\/p>\n\n\n\n<p class=\"gb-headline gb-headline-254ca121 gb-headline-text\"><strong>&#8212; Despu\u00e9s se coloc\u00f3 en el congelador el segundo vaso con agua destilada sobre un apilado de Tablillas Rihbenden.<\/strong> Permaneci\u00f3 dentro del congelador un lapso de 24 Hrs.<\/p>\n\n\n<div class=\"gb-container gb-container-b0611880\">\n\n<p class=\"gb-headline gb-headline-aab5b719 gb-headline-text\">Los resultados se muestran a continuaci\u00f3n.<\/p>\n\n\n<div class=\"gb-container gb-container-72299cae\">\n<div class=\"gb-grid-wrapper gb-grid-wrapper-95df6d3c\">\n<div class=\"gb-grid-column gb-grid-column-52f77c94\"><div class=\"gb-container gb-container-52f77c94 rih-fondo-b\">\n<div class=\"gb-container gb-container-1c0118ae\">\n\n<figure class=\"wp-block-image size-large has-custom-border\"><a href=\"http:\/\/mcsoluciones.com.mx\/es\/wp-content\/uploads\/2023\/05\/vaso_hielo_01_1200.jpg\"><img loading=\"lazy\" decoding=\"async\" width=\"682\" height=\"1024\" src=\"http:\/\/mcsoluciones.com.mx\/es\/wp-content\/uploads\/2023\/05\/vaso_hielo_01_1200-682x1024.jpg\" alt=\"\" class=\"wp-image-280\" style=\"border-radius:10px\" srcset=\"https:\/\/mcsoluciones.com.mx\/es\/wp-content\/uploads\/2023\/05\/vaso_hielo_01_1200-682x1024.jpg 682w, https:\/\/mcsoluciones.com.mx\/es\/wp-content\/uploads\/2023\/05\/vaso_hielo_01_1200-200x300.jpg 200w, https:\/\/mcsoluciones.com.mx\/es\/wp-content\/uploads\/2023\/05\/vaso_hielo_01_1200-768x1153.jpg 768w, https:\/\/mcsoluciones.com.mx\/es\/wp-content\/uploads\/2023\/05\/vaso_hielo_01_1200-1023x1536.jpg 1023w, https:\/\/mcsoluciones.com.mx\/es\/wp-content\/uploads\/2023\/05\/vaso_hielo_01_1200.jpg 1200w\" sizes=\"auto, (max-width: 682px) 100vw, 682px\" \/><\/a><\/figure>\n\n<\/div>\n\n<div class=\"gb-container gb-container-fef85c95\">\n\n<p class=\"gb-headline gb-headline-137124d1 gb-headline-text\"><strong>Congelaci\u00f3n de agua sin Tablillas.<\/strong>&nbsp;&nbsp;&nbsp;Como puede observarse en esta fotograf\u00eda, la forma en que se ha congelado este tipo de agua es del centro hacia afuera en peque\u00f1\u00edsimos filamentos en fuga que se expanden formando ligeras curvas en direcci\u00f3n a las paredes del vaso tanto a lo ancho como a lo alto. Con gran transparencia y poca opacidad al centro..<\/p>\n\n<\/div>\n<\/div><\/div>\n\n<div class=\"gb-grid-column gb-grid-column-2cc87ec4\"><div class=\"gb-container gb-container-2cc87ec4 rih-fondo-b \">\n<div class=\"gb-container gb-container-7401fe24\">\n\n<figure class=\"wp-block-image size-large has-custom-border\"><a href=\"http:\/\/mcsoluciones.com.mx\/es\/wp-content\/uploads\/2023\/05\/vaso_hielo_02_1200.jpg\"><img loading=\"lazy\" decoding=\"async\" width=\"683\" height=\"1024\" src=\"http:\/\/mcsoluciones.com.mx\/es\/wp-content\/uploads\/2023\/05\/vaso_hielo_02_1200-683x1024.jpg\" alt=\"\" class=\"wp-image-281\" style=\"border-radius:10px\" srcset=\"https:\/\/mcsoluciones.com.mx\/es\/wp-content\/uploads\/2023\/05\/vaso_hielo_02_1200-683x1024.jpg 683w, https:\/\/mcsoluciones.com.mx\/es\/wp-content\/uploads\/2023\/05\/vaso_hielo_02_1200-200x300.jpg 200w, https:\/\/mcsoluciones.com.mx\/es\/wp-content\/uploads\/2023\/05\/vaso_hielo_02_1200-768x1152.jpg 768w, https:\/\/mcsoluciones.com.mx\/es\/wp-content\/uploads\/2023\/05\/vaso_hielo_02_1200-1024x1536.jpg 1024w, https:\/\/mcsoluciones.com.mx\/es\/wp-content\/uploads\/2023\/05\/vaso_hielo_02_1200.jpg 1200w\" sizes=\"auto, (max-width: 683px) 100vw, 683px\" \/><\/a><\/figure>\n\n<\/div>\n\n<div class=\"gb-container gb-container-860179bd\">\n\n<p class=\"gb-headline gb-headline-38edc061 gb-headline-text\"><strong>Congelaci\u00f3n de agua con Tablillas Rihbenden.<\/strong>&nbsp;&nbsp;&nbsp;Como puede observarse en esta fotograf\u00eda, la forma en que se ha congelado este tipo de agua es del centro hacia afuera en peque\u00f1\u00edsimos filamentos en fuga que se expanden de forma casi horizontal en direcci\u00f3n a las paredes del vaso tanto a lo ancho como a lo alto. Con opacidad ligera pero muy generalizada en todo el hielo. Presenta algunas peque\u00f1as fracturas en las paredes y fondo el vaso.  Esta ligera direfencia se present\u00f3 en todos los casos y lo atribuimos a la influencia de la energ\u00eda emitida por las Tablillas.<\/p>\n\n<\/div>\n<\/div><\/div>\n<\/div>\n<\/div>\n\n\n<p class=\"gb-headline gb-headline-328f8377 gb-headline-text\">   Otro cambio que se observ\u00f3 fu\u00e9 el tiempo de congelaci\u00f3n.  En el caso del agua sin las Tablillas se congelo en menos de 24 hrs. y con las Tablillas Rihbenden es tiempo fu\u00e9 mayor a las 24 hrs., aproximadamente entre 2 a 3 horas m\u00e1s.  <\/p>\n\n<\/div>\n<\/div>\n<\/div>\n<\/div>","protected":false},"excerpt":{"rendered":"<p>Experimento en agua Influencia en agua. Al experimentar con las Tablillas Rihbenden en el agua, se observaron varios cambios que sin adicionarle ninguna sustancia y sin introducir alg\u00fan objeto, lograron modificarla. El experimento consist\u00eda en dejar una botella con agua embotellada adquirida en cualquier almacen sobre una pila de Tablillas (6 en total) por un [&hellip;]<\/p>\n","protected":false},"author":1,"featured_media":0,"parent":0,"menu_order":0,"comment_status":"closed","ping_status":"closed","template":"","meta":{"_crdt_document":"","footnotes":""},"class_list":["post-261","page","type-page","status-publish","hentry"],"blocksy_meta":[],"featured_image_src":null,"yoast_head":"<!-- This site is optimized with the Yoast SEO plugin v27.5 - https:\/\/yoast.com\/product\/yoast-seo-wordpress\/ -->\n<title>Experimento Agua - MC Soluciones<\/title>\n<meta name=\"robots\" content=\"noindex, follow, max-snippet:-1, max-image-preview:large, max-video-preview:-1\" \/>\n<meta property=\"og:locale\" content=\"es_ES\" \/>\n<meta property=\"og:type\" content=\"article\" \/>\n<meta property=\"og:title\" content=\"Experimento Agua - MC Soluciones\" \/>\n<meta property=\"og:description\" content=\"Experimento en agua Influencia en agua. Al experimentar con las Tablillas Rihbenden en el agua, se observaron varios cambios que sin adicionarle ninguna sustancia y sin introducir alg\u00fan objeto, lograron modificarla. El experimento consist\u00eda en dejar una botella con agua embotellada adquirida en cualquier almacen sobre una pila de Tablillas (6 en total) por un [&hellip;]\" \/>\n<meta property=\"og:url\" content=\"https:\/\/mcsoluciones.com.mx\/es\/rihbenden-exp-agua\/\" \/>\n<meta property=\"og:site_name\" content=\"MC Soluciones\" \/>\n<meta property=\"article:modified_time\" content=\"2024-08-12T21:52:37+00:00\" \/>\n<meta property=\"og:image\" content=\"http:\/\/mcsoluciones.com.mx\/es\/wp-content\/uploads\/2023\/05\/vaso_hielo_05_1200-683x1024.jpg\" \/>\n<meta name=\"twitter:card\" content=\"summary_large_image\" \/>\n<meta name=\"twitter:label1\" content=\"Tiempo de lectura\" \/>\n\t<meta name=\"twitter:data1\" content=\"5 minutos\" \/>\n<script type=\"application\/ld+json\" class=\"yoast-schema-graph\">{\"@context\":\"https:\\\/\\\/schema.org\",\"@graph\":[{\"@type\":\"WebPage\",\"@id\":\"https:\\\/\\\/mcsoluciones.com.mx\\\/es\\\/rihbenden-exp-agua\\\/\",\"url\":\"https:\\\/\\\/mcsoluciones.com.mx\\\/es\\\/rihbenden-exp-agua\\\/\",\"name\":\"Experimento Agua - MC Soluciones\",\"isPartOf\":{\"@id\":\"https:\\\/\\\/mcsoluciones.com.mx\\\/es\\\/#website\"},\"primaryImageOfPage\":{\"@id\":\"https:\\\/\\\/mcsoluciones.com.mx\\\/es\\\/rihbenden-exp-agua\\\/#primaryimage\"},\"image\":{\"@id\":\"https:\\\/\\\/mcsoluciones.com.mx\\\/es\\\/rihbenden-exp-agua\\\/#primaryimage\"},\"thumbnailUrl\":\"http:\\\/\\\/mcsoluciones.com.mx\\\/es\\\/wp-content\\\/uploads\\\/2023\\\/05\\\/vaso_hielo_05_1200-683x1024.jpg\",\"datePublished\":\"2023-05-24T04:18:36+00:00\",\"dateModified\":\"2024-08-12T21:52:37+00:00\",\"breadcrumb\":{\"@id\":\"https:\\\/\\\/mcsoluciones.com.mx\\\/es\\\/rihbenden-exp-agua\\\/#breadcrumb\"},\"inLanguage\":\"es\",\"potentialAction\":[{\"@type\":\"ReadAction\",\"target\":[\"https:\\\/\\\/mcsoluciones.com.mx\\\/es\\\/rihbenden-exp-agua\\\/\"]}]},{\"@type\":\"ImageObject\",\"inLanguage\":\"es\",\"@id\":\"https:\\\/\\\/mcsoluciones.com.mx\\\/es\\\/rihbenden-exp-agua\\\/#primaryimage\",\"url\":\"https:\\\/\\\/mcsoluciones.com.mx\\\/es\\\/wp-content\\\/uploads\\\/2023\\\/05\\\/vaso_hielo_05_1200.jpg\",\"contentUrl\":\"https:\\\/\\\/mcsoluciones.com.mx\\\/es\\\/wp-content\\\/uploads\\\/2023\\\/05\\\/vaso_hielo_05_1200.jpg\",\"width\":1200,\"height\":1800},{\"@type\":\"BreadcrumbList\",\"@id\":\"https:\\\/\\\/mcsoluciones.com.mx\\\/es\\\/rihbenden-exp-agua\\\/#breadcrumb\",\"itemListElement\":[{\"@type\":\"ListItem\",\"position\":1,\"name\":\"Home\",\"item\":\"http:\\\/\\\/mcsoluciones.com.mx\\\/es\\\/\"},{\"@type\":\"ListItem\",\"position\":2,\"name\":\"Experimento Agua\"}]},{\"@type\":\"WebSite\",\"@id\":\"https:\\\/\\\/mcsoluciones.com.mx\\\/es\\\/#website\",\"url\":\"https:\\\/\\\/mcsoluciones.com.mx\\\/es\\\/\",\"name\":\"MC Soluciones\",\"description\":\"Creando nanotecnolog\u00eda para su bienestar desde 2014.\",\"publisher\":{\"@id\":\"https:\\\/\\\/mcsoluciones.com.mx\\\/es\\\/#organization\"},\"potentialAction\":[{\"@type\":\"SearchAction\",\"target\":{\"@type\":\"EntryPoint\",\"urlTemplate\":\"https:\\\/\\\/mcsoluciones.com.mx\\\/es\\\/?s={search_term_string}\"},\"query-input\":{\"@type\":\"PropertyValueSpecification\",\"valueRequired\":true,\"valueName\":\"search_term_string\"}}],\"inLanguage\":\"es\"},{\"@type\":\"Organization\",\"@id\":\"https:\\\/\\\/mcsoluciones.com.mx\\\/es\\\/#organization\",\"name\":\"MC Soluciones\",\"url\":\"https:\\\/\\\/mcsoluciones.com.mx\\\/es\\\/\",\"logo\":{\"@type\":\"ImageObject\",\"inLanguage\":\"es\",\"@id\":\"https:\\\/\\\/mcsoluciones.com.mx\\\/es\\\/#\\\/schema\\\/logo\\\/image\\\/\",\"url\":\"https:\\\/\\\/mcsoluciones.com.mx\\\/es\\\/wp-content\\\/uploads\\\/2023\\\/06\\\/MC-SOLUCONES-LOGO-05-06-2023-02.png\",\"contentUrl\":\"https:\\\/\\\/mcsoluciones.com.mx\\\/es\\\/wp-content\\\/uploads\\\/2023\\\/06\\\/MC-SOLUCONES-LOGO-05-06-2023-02.png\",\"width\":372,\"height\":71,\"caption\":\"MC Soluciones\"},\"image\":{\"@id\":\"https:\\\/\\\/mcsoluciones.com.mx\\\/es\\\/#\\\/schema\\\/logo\\\/image\\\/\"}}]}<\/script>\n<!-- \/ Yoast SEO plugin. -->","yoast_head_json":{"title":"Experimento Agua - MC Soluciones","robots":{"index":"noindex","follow":"follow","max-snippet":"max-snippet:-1","max-image-preview":"max-image-preview:large","max-video-preview":"max-video-preview:-1"},"og_locale":"es_ES","og_type":"article","og_title":"Experimento Agua - MC Soluciones","og_description":"Experimento en agua Influencia en agua. Al experimentar con las Tablillas Rihbenden en el agua, se observaron varios cambios que sin adicionarle ninguna sustancia y sin introducir alg\u00fan objeto, lograron modificarla. El experimento consist\u00eda en dejar una botella con agua embotellada adquirida en cualquier almacen sobre una pila de Tablillas (6 en total) por un [&hellip;]","og_url":"https:\/\/mcsoluciones.com.mx\/es\/rihbenden-exp-agua\/","og_site_name":"MC Soluciones","article_modified_time":"2024-08-12T21:52:37+00:00","og_image":[{"url":"http:\/\/mcsoluciones.com.mx\/es\/wp-content\/uploads\/2023\/05\/vaso_hielo_05_1200-683x1024.jpg","type":"","width":"","height":""}],"twitter_card":"summary_large_image","twitter_misc":{"Tiempo de lectura":"5 minutos"},"schema":{"@context":"https:\/\/schema.org","@graph":[{"@type":"WebPage","@id":"https:\/\/mcsoluciones.com.mx\/es\/rihbenden-exp-agua\/","url":"https:\/\/mcsoluciones.com.mx\/es\/rihbenden-exp-agua\/","name":"Experimento Agua - MC Soluciones","isPartOf":{"@id":"https:\/\/mcsoluciones.com.mx\/es\/#website"},"primaryImageOfPage":{"@id":"https:\/\/mcsoluciones.com.mx\/es\/rihbenden-exp-agua\/#primaryimage"},"image":{"@id":"https:\/\/mcsoluciones.com.mx\/es\/rihbenden-exp-agua\/#primaryimage"},"thumbnailUrl":"http:\/\/mcsoluciones.com.mx\/es\/wp-content\/uploads\/2023\/05\/vaso_hielo_05_1200-683x1024.jpg","datePublished":"2023-05-24T04:18:36+00:00","dateModified":"2024-08-12T21:52:37+00:00","breadcrumb":{"@id":"https:\/\/mcsoluciones.com.mx\/es\/rihbenden-exp-agua\/#breadcrumb"},"inLanguage":"es","potentialAction":[{"@type":"ReadAction","target":["https:\/\/mcsoluciones.com.mx\/es\/rihbenden-exp-agua\/"]}]},{"@type":"ImageObject","inLanguage":"es","@id":"https:\/\/mcsoluciones.com.mx\/es\/rihbenden-exp-agua\/#primaryimage","url":"https:\/\/mcsoluciones.com.mx\/es\/wp-content\/uploads\/2023\/05\/vaso_hielo_05_1200.jpg","contentUrl":"https:\/\/mcsoluciones.com.mx\/es\/wp-content\/uploads\/2023\/05\/vaso_hielo_05_1200.jpg","width":1200,"height":1800},{"@type":"BreadcrumbList","@id":"https:\/\/mcsoluciones.com.mx\/es\/rihbenden-exp-agua\/#breadcrumb","itemListElement":[{"@type":"ListItem","position":1,"name":"Home","item":"http:\/\/mcsoluciones.com.mx\/es\/"},{"@type":"ListItem","position":2,"name":"Experimento Agua"}]},{"@type":"WebSite","@id":"https:\/\/mcsoluciones.com.mx\/es\/#website","url":"https:\/\/mcsoluciones.com.mx\/es\/","name":"MC Soluciones","description":"Creando nanotecnolog\u00eda para su bienestar desde 2014.","publisher":{"@id":"https:\/\/mcsoluciones.com.mx\/es\/#organization"},"potentialAction":[{"@type":"SearchAction","target":{"@type":"EntryPoint","urlTemplate":"https:\/\/mcsoluciones.com.mx\/es\/?s={search_term_string}"},"query-input":{"@type":"PropertyValueSpecification","valueRequired":true,"valueName":"search_term_string"}}],"inLanguage":"es"},{"@type":"Organization","@id":"https:\/\/mcsoluciones.com.mx\/es\/#organization","name":"MC Soluciones","url":"https:\/\/mcsoluciones.com.mx\/es\/","logo":{"@type":"ImageObject","inLanguage":"es","@id":"https:\/\/mcsoluciones.com.mx\/es\/#\/schema\/logo\/image\/","url":"https:\/\/mcsoluciones.com.mx\/es\/wp-content\/uploads\/2023\/06\/MC-SOLUCONES-LOGO-05-06-2023-02.png","contentUrl":"https:\/\/mcsoluciones.com.mx\/es\/wp-content\/uploads\/2023\/06\/MC-SOLUCONES-LOGO-05-06-2023-02.png","width":372,"height":71,"caption":"MC Soluciones"},"image":{"@id":"https:\/\/mcsoluciones.com.mx\/es\/#\/schema\/logo\/image\/"}}]}},"_links":{"self":[{"href":"https:\/\/mcsoluciones.com.mx\/es\/wp-json\/wp\/v2\/pages\/261","targetHints":{"allow":["GET"]}}],"collection":[{"href":"https:\/\/mcsoluciones.com.mx\/es\/wp-json\/wp\/v2\/pages"}],"about":[{"href":"https:\/\/mcsoluciones.com.mx\/es\/wp-json\/wp\/v2\/types\/page"}],"author":[{"embeddable":true,"href":"https:\/\/mcsoluciones.com.mx\/es\/wp-json\/wp\/v2\/users\/1"}],"replies":[{"embeddable":true,"href":"https:\/\/mcsoluciones.com.mx\/es\/wp-json\/wp\/v2\/comments?post=261"}],"version-history":[{"count":60,"href":"https:\/\/mcsoluciones.com.mx\/es\/wp-json\/wp\/v2\/pages\/261\/revisions"}],"predecessor-version":[{"id":960,"href":"https:\/\/mcsoluciones.com.mx\/es\/wp-json\/wp\/v2\/pages\/261\/revisions\/960"}],"wp:attachment":[{"href":"https:\/\/mcsoluciones.com.mx\/es\/wp-json\/wp\/v2\/media?parent=261"}],"curies":[{"name":"wp","href":"https:\/\/api.w.org\/{rel}","templated":true}]}}