{"id":305,"date":"2023-05-24T19:22:22","date_gmt":"2023-05-25T01:22:22","guid":{"rendered":"https:\/\/rihbenden.mcsoluciones.com.mx\/es\/?page_id=305"},"modified":"2026-03-06T10:14:00","modified_gmt":"2026-03-06T16:14:00","slug":"rihbenden-videos","status":"publish","type":"page","link":"https:\/\/mcsoluciones.com.mx\/es\/rihbenden-videos\/","title":{"rendered":"Videos"},"content":{"rendered":"<div class=\"gb-container gb-container-bae0a1fc\">\n<div class=\"gb-container gb-container-965a971c\">\n<div class=\"gb-container gb-container-672b920f\">\n\n<p class=\"gb-headline gb-headline-527bdb75 gb-headline-text\">Revitanoa v\u00eddeos<\/p>\n\n<\/div>\n\n<div class=\"gb-container gb-container-00b29212 rih-fondo-b\">\n\n<p class=\"gb-headline gb-headline-548ef2f1 gb-headline-text\"><strong>Mi antes y despu\u00e9s con Revitanoa<\/strong><\/p>\n\n\n<div class=\"gb-container gb-container-de9ba120 rih-video-sombra\">\n\n<figure class=\"wp-block-embed is-type-video is-provider-youtube wp-block-embed-youtube wp-embed-aspect-9-16 wp-has-aspect-ratio\"><div class=\"wp-block-embed__wrapper\">\n<iframe loading=\"lazy\" title=\"MI ANTES Y DESPUES CON REVITANOA\" width=\"563\" height=\"1000\" src=\"https:\/\/www.youtube.com\/embed\/Jgs3QqN4rqY?feature=oembed\" frameborder=\"0\" allow=\"accelerometer; autoplay; clipboard-write; encrypted-media; gyroscope; picture-in-picture; web-share\" referrerpolicy=\"strict-origin-when-cross-origin\" allowfullscreen><\/iframe>\n<\/div><\/figure>\n\n<\/div>\n\n\n<p class=\"gb-headline gb-headline-43d95b1a gb-headline-text\">Fecha de grabaci\u00f3n del v\u00eddeo: 1 de noviembre de 2025.<\/p>\n\n<\/div>\n\n<div class=\"gb-container gb-container-f9284392 rih-fondo-b\">\n\n<p class=\"gb-headline gb-headline-bfa9c33b gb-headline-text\"><strong>Como se usa Revitanoa.<\/strong><\/p>\n\n\n<div class=\"gb-container gb-container-f94e50fc rih-video-sombra\">\n\n<figure class=\"wp-block-embed is-type-video is-provider-youtube wp-block-embed-youtube wp-embed-aspect-9-16 wp-has-aspect-ratio\"><div class=\"wp-block-embed__wrapper\">\n<iframe loading=\"lazy\" title=\"COMO SE USA REVITANOA\" width=\"563\" height=\"1000\" src=\"https:\/\/www.youtube.com\/embed\/GIwSP8ZbfJ4?feature=oembed\" frameborder=\"0\" allow=\"accelerometer; autoplay; clipboard-write; encrypted-media; gyroscope; picture-in-picture; web-share\" referrerpolicy=\"strict-origin-when-cross-origin\" allowfullscreen><\/iframe>\n<\/div><\/figure>\n\n<\/div>\n\n\n<p class=\"gb-headline gb-headline-79dc64f5 gb-headline-text\">Fecha de grabaci\u00f3n del v\u00eddeo: 9 de diciembre 2025.<\/p>\n\n<\/div>\n<\/div>\n\n<div class=\"gb-container gb-container-c3237069\">\n<div class=\"gb-container gb-container-f83ea17d\">\n\n<p class=\"gb-headline gb-headline-a0e7a43a gb-headline-text\">Rihbenden v\u00eddeos<\/p>\n\n<\/div>\n\n<div class=\"gb-container gb-container-35898ed5 rih-fondo-b\">\n\n<p class=\"gb-headline gb-headline-caf3777f gb-headline-text\"><strong>Tienes problemas para dormir, te ense\u00f1amos c\u00f3mo combatir el insomnio usando las Tablillas Rihbenden.<\/strong><\/p>\n\n\n<div class=\"gb-container gb-container-e919a02e rih-video-sombra\">\n\n<figure class=\"wp-block-embed is-type-video is-provider-youtube wp-block-embed-youtube wp-embed-aspect-16-9 wp-has-aspect-ratio\"><div class=\"wp-block-embed__wrapper\">\n<iframe loading=\"lazy\" title=\"Tienes problemas para dormir.  Aprende c\u00f3mo combatir el insomnio. Righ Benden\" width=\"1200\" height=\"675\" src=\"https:\/\/www.youtube.com\/embed\/0BOTf3wW8gU?feature=oembed\" frameborder=\"0\" allow=\"accelerometer; autoplay; clipboard-write; encrypted-media; gyroscope; picture-in-picture; web-share\" referrerpolicy=\"strict-origin-when-cross-origin\" allowfullscreen><\/iframe>\n<\/div><\/figure>\n\n<\/div>\n\n\n<p class=\"gb-headline gb-headline-c9fcc1d9 gb-headline-text\">Fecha de publicaci\u00f3n en Youtube: 11 de junio de 2015.<\/p>\n\n<\/div>\n\n<div class=\"gb-container gb-container-cc37a776 rih-fondo-b\">\n\n<p class=\"gb-headline gb-headline-8a17c87b gb-headline-text\"><strong>Aprende como quitar el dolor de vientre y las molestias del SMP (sindrome premenstrual).<\/strong><\/p>\n\n\n<div class=\"gb-container gb-container-747bb019 rih-video-sombra\">\n\n<figure class=\"wp-block-embed is-type-video is-provider-youtube wp-block-embed-youtube wp-embed-aspect-16-9 wp-has-aspect-ratio\"><div class=\"wp-block-embed__wrapper\">\n<iframe loading=\"lazy\" title=\"Alivia los colicos menstruales sin medicamentos. Righ Benden\" width=\"1200\" height=\"675\" src=\"https:\/\/www.youtube.com\/embed\/bylUjECZ5r8?feature=oembed\" frameborder=\"0\" allow=\"accelerometer; autoplay; clipboard-write; encrypted-media; gyroscope; picture-in-picture; web-share\" referrerpolicy=\"strict-origin-when-cross-origin\" allowfullscreen><\/iframe>\n<\/div><\/figure>\n\n<\/div>\n\n\n<p class=\"gb-headline gb-headline-d2954c58 gb-headline-text\">Fecha de publicaci\u00f3n en Youtube: 10 de julio 2015.<\/p>\n\n<\/div>\n\n<div class=\"gb-container gb-container-2e43128b rih-fondo-b\">\n\n<p class=\"gb-headline gb-headline-d6152a4e gb-headline-text\"><strong>Te digo c\u00f3mo puedes evitar que se inflame tu cuerpo por lastimaduras.<\/strong><\/p>\n\n\n<div class=\"gb-container gb-container-1061d1e6 rih-video-sombra\">\n\n<figure class=\"wp-block-embed is-type-video is-provider-youtube wp-block-embed-youtube wp-embed-aspect-16-9 wp-has-aspect-ratio\"><div class=\"wp-block-embed__wrapper\">\n<iframe loading=\"lazy\" title=\"Aprende a desinflamar torceduras, luxaciones y m\u00e1s\" width=\"1200\" height=\"675\" src=\"https:\/\/www.youtube.com\/embed\/YXBHl6-XWgc?feature=oembed\" frameborder=\"0\" allow=\"accelerometer; autoplay; clipboard-write; encrypted-media; gyroscope; picture-in-picture; web-share\" referrerpolicy=\"strict-origin-when-cross-origin\" allowfullscreen><\/iframe>\n<\/div><\/figure>\n\n<\/div>\n\n\n<p class=\"gb-headline gb-headline-76458b82 gb-headline-text\">Fecha de publicaci\u00f3n en Youtube: 3 de noviembre 2015.<\/p>\n\n<\/div>\n\n<div class=\"gb-container gb-container-f904bec4 rih-fondo-b\">\n\n<p class=\"gb-headline gb-headline-d7a9aef1 gb-headline-text\"><strong>\u00bfSufres vibraci\u00f3n donde portas tu celular pero no lo traes puesto?<\/strong><\/p>\n\n\n\n<p class=\"gb-headline gb-headline-175b074d gb-headline-text\"><strong>A eso le llamamos \u00abOnda Fantasma\u00bb<\/strong><\/p>\n\n\n\n<p class=\"gb-headline gb-headline-d7a7a558 gb-headline-text\"><strong>Neutralizador de Onda Fantasma para Celulares, Tarjeta NOF.<\/strong><\/p>\n\n\n<div class=\"gb-container gb-container-ccf27e5b rih-video-sombra\">\n\n<figure class=\"wp-block-embed is-type-video is-provider-youtube wp-block-embed-youtube wp-embed-aspect-16-9 wp-has-aspect-ratio\"><div class=\"wp-block-embed__wrapper\">\n<iframe loading=\"lazy\" title=\"Neutralizador de Onda Fantasma para Celulares Tarjeta NOF\" width=\"1200\" height=\"675\" src=\"https:\/\/www.youtube.com\/embed\/BoGgi11RwAY?feature=oembed\" frameborder=\"0\" allow=\"accelerometer; autoplay; clipboard-write; encrypted-media; gyroscope; picture-in-picture; web-share\" referrerpolicy=\"strict-origin-when-cross-origin\" allowfullscreen><\/iframe>\n<\/div><\/figure>\n\n<\/div>\n\n\n<p class=\"gb-headline gb-headline-351c82e2 gb-headline-text\">Fecha de publicaci\u00f3n en Youtube: 21 de marzo 2018.<\/p>\n\n<\/div>\n<\/div>\n<\/div>","protected":false},"excerpt":{"rendered":"<p>Revitanoa v\u00eddeos Mi antes y despu\u00e9s con Revitanoa Fecha de grabaci\u00f3n del v\u00eddeo: 1 de noviembre de 2025. Como se usa Revitanoa. Fecha de grabaci\u00f3n del v\u00eddeo: 9 de diciembre 2025. Rihbenden v\u00eddeos Tienes problemas para dormir, te ense\u00f1amos c\u00f3mo combatir el insomnio usando las Tablillas Rihbenden. Fecha de publicaci\u00f3n en Youtube: 11 de junio [&hellip;]<\/p>\n","protected":false},"author":1,"featured_media":0,"parent":0,"menu_order":0,"comment_status":"closed","ping_status":"closed","template":"","meta":{"_crdt_document":"","footnotes":""},"class_list":["post-305","page","type-page","status-publish","hentry"],"blocksy_meta":[],"featured_image_src":null,"yoast_head":"<!-- This site is optimized with the Yoast SEO plugin v27.5 - https:\/\/yoast.com\/product\/yoast-seo-wordpress\/ -->\n<title>Videos - MC Soluciones<\/title>\n<meta name=\"robots\" content=\"noindex, follow, max-snippet:-1, max-image-preview:large, max-video-preview:-1\" \/>\n<meta property=\"og:locale\" content=\"es_ES\" \/>\n<meta property=\"og:type\" content=\"article\" \/>\n<meta property=\"og:title\" content=\"Videos - MC Soluciones\" \/>\n<meta property=\"og:description\" content=\"Revitanoa v\u00eddeos Mi antes y despu\u00e9s con Revitanoa Fecha de grabaci\u00f3n del v\u00eddeo: 1 de noviembre de 2025. Como se usa Revitanoa. Fecha de grabaci\u00f3n del v\u00eddeo: 9 de diciembre 2025. Rihbenden v\u00eddeos Tienes problemas para dormir, te ense\u00f1amos c\u00f3mo combatir el insomnio usando las Tablillas Rihbenden. Fecha de publicaci\u00f3n en Youtube: 11 de junio [&hellip;]\" \/>\n<meta property=\"og:url\" content=\"https:\/\/mcsoluciones.com.mx\/es\/rihbenden-videos\/\" \/>\n<meta property=\"og:site_name\" content=\"MC Soluciones\" \/>\n<meta property=\"article:modified_time\" content=\"2026-03-06T16:14:00+00:00\" \/>\n<meta name=\"twitter:card\" content=\"summary_large_image\" \/>\n<meta name=\"twitter:label1\" content=\"Tiempo de lectura\" \/>\n\t<meta name=\"twitter:data1\" content=\"1 minuto\" \/>\n<script type=\"application\/ld+json\" class=\"yoast-schema-graph\">{\"@context\":\"https:\\\/\\\/schema.org\",\"@graph\":[{\"@type\":\"WebPage\",\"@id\":\"https:\\\/\\\/mcsoluciones.com.mx\\\/es\\\/rihbenden-videos\\\/\",\"url\":\"https:\\\/\\\/mcsoluciones.com.mx\\\/es\\\/rihbenden-videos\\\/\",\"name\":\"Videos - MC Soluciones\",\"isPartOf\":{\"@id\":\"https:\\\/\\\/mcsoluciones.com.mx\\\/es\\\/#website\"},\"datePublished\":\"2023-05-25T01:22:22+00:00\",\"dateModified\":\"2026-03-06T16:14:00+00:00\",\"breadcrumb\":{\"@id\":\"https:\\\/\\\/mcsoluciones.com.mx\\\/es\\\/rihbenden-videos\\\/#breadcrumb\"},\"inLanguage\":\"es\",\"potentialAction\":[{\"@type\":\"ReadAction\",\"target\":[\"https:\\\/\\\/mcsoluciones.com.mx\\\/es\\\/rihbenden-videos\\\/\"]}]},{\"@type\":\"BreadcrumbList\",\"@id\":\"https:\\\/\\\/mcsoluciones.com.mx\\\/es\\\/rihbenden-videos\\\/#breadcrumb\",\"itemListElement\":[{\"@type\":\"ListItem\",\"position\":1,\"name\":\"Home\",\"item\":\"http:\\\/\\\/mcsoluciones.com.mx\\\/es\\\/\"},{\"@type\":\"ListItem\",\"position\":2,\"name\":\"Videos\"}]},{\"@type\":\"WebSite\",\"@id\":\"https:\\\/\\\/mcsoluciones.com.mx\\\/es\\\/#website\",\"url\":\"https:\\\/\\\/mcsoluciones.com.mx\\\/es\\\/\",\"name\":\"MC Soluciones\",\"description\":\"Creando nanotecnolog\u00eda para su bienestar desde 2014.\",\"publisher\":{\"@id\":\"https:\\\/\\\/mcsoluciones.com.mx\\\/es\\\/#organization\"},\"potentialAction\":[{\"@type\":\"SearchAction\",\"target\":{\"@type\":\"EntryPoint\",\"urlTemplate\":\"https:\\\/\\\/mcsoluciones.com.mx\\\/es\\\/?s={search_term_string}\"},\"query-input\":{\"@type\":\"PropertyValueSpecification\",\"valueRequired\":true,\"valueName\":\"search_term_string\"}}],\"inLanguage\":\"es\"},{\"@type\":\"Organization\",\"@id\":\"https:\\\/\\\/mcsoluciones.com.mx\\\/es\\\/#organization\",\"name\":\"MC Soluciones\",\"url\":\"https:\\\/\\\/mcsoluciones.com.mx\\\/es\\\/\",\"logo\":{\"@type\":\"ImageObject\",\"inLanguage\":\"es\",\"@id\":\"https:\\\/\\\/mcsoluciones.com.mx\\\/es\\\/#\\\/schema\\\/logo\\\/image\\\/\",\"url\":\"https:\\\/\\\/mcsoluciones.com.mx\\\/es\\\/wp-content\\\/uploads\\\/2023\\\/06\\\/MC-SOLUCONES-LOGO-05-06-2023-02.png\",\"contentUrl\":\"https:\\\/\\\/mcsoluciones.com.mx\\\/es\\\/wp-content\\\/uploads\\\/2023\\\/06\\\/MC-SOLUCONES-LOGO-05-06-2023-02.png\",\"width\":372,\"height\":71,\"caption\":\"MC Soluciones\"},\"image\":{\"@id\":\"https:\\\/\\\/mcsoluciones.com.mx\\\/es\\\/#\\\/schema\\\/logo\\\/image\\\/\"}}]}<\/script>\n<!-- \/ Yoast SEO plugin. -->","yoast_head_json":{"title":"Videos - MC Soluciones","robots":{"index":"noindex","follow":"follow","max-snippet":"max-snippet:-1","max-image-preview":"max-image-preview:large","max-video-preview":"max-video-preview:-1"},"og_locale":"es_ES","og_type":"article","og_title":"Videos - MC Soluciones","og_description":"Revitanoa v\u00eddeos Mi antes y despu\u00e9s con Revitanoa Fecha de grabaci\u00f3n del v\u00eddeo: 1 de noviembre de 2025. Como se usa Revitanoa. Fecha de grabaci\u00f3n del v\u00eddeo: 9 de diciembre 2025. Rihbenden v\u00eddeos Tienes problemas para dormir, te ense\u00f1amos c\u00f3mo combatir el insomnio usando las Tablillas Rihbenden. Fecha de publicaci\u00f3n en Youtube: 11 de junio [&hellip;]","og_url":"https:\/\/mcsoluciones.com.mx\/es\/rihbenden-videos\/","og_site_name":"MC Soluciones","article_modified_time":"2026-03-06T16:14:00+00:00","twitter_card":"summary_large_image","twitter_misc":{"Tiempo de lectura":"1 minuto"},"schema":{"@context":"https:\/\/schema.org","@graph":[{"@type":"WebPage","@id":"https:\/\/mcsoluciones.com.mx\/es\/rihbenden-videos\/","url":"https:\/\/mcsoluciones.com.mx\/es\/rihbenden-videos\/","name":"Videos - MC Soluciones","isPartOf":{"@id":"https:\/\/mcsoluciones.com.mx\/es\/#website"},"datePublished":"2023-05-25T01:22:22+00:00","dateModified":"2026-03-06T16:14:00+00:00","breadcrumb":{"@id":"https:\/\/mcsoluciones.com.mx\/es\/rihbenden-videos\/#breadcrumb"},"inLanguage":"es","potentialAction":[{"@type":"ReadAction","target":["https:\/\/mcsoluciones.com.mx\/es\/rihbenden-videos\/"]}]},{"@type":"BreadcrumbList","@id":"https:\/\/mcsoluciones.com.mx\/es\/rihbenden-videos\/#breadcrumb","itemListElement":[{"@type":"ListItem","position":1,"name":"Home","item":"http:\/\/mcsoluciones.com.mx\/es\/"},{"@type":"ListItem","position":2,"name":"Videos"}]},{"@type":"WebSite","@id":"https:\/\/mcsoluciones.com.mx\/es\/#website","url":"https:\/\/mcsoluciones.com.mx\/es\/","name":"MC Soluciones","description":"Creando nanotecnolog\u00eda para su bienestar desde 2014.","publisher":{"@id":"https:\/\/mcsoluciones.com.mx\/es\/#organization"},"potentialAction":[{"@type":"SearchAction","target":{"@type":"EntryPoint","urlTemplate":"https:\/\/mcsoluciones.com.mx\/es\/?s={search_term_string}"},"query-input":{"@type":"PropertyValueSpecification","valueRequired":true,"valueName":"search_term_string"}}],"inLanguage":"es"},{"@type":"Organization","@id":"https:\/\/mcsoluciones.com.mx\/es\/#organization","name":"MC Soluciones","url":"https:\/\/mcsoluciones.com.mx\/es\/","logo":{"@type":"ImageObject","inLanguage":"es","@id":"https:\/\/mcsoluciones.com.mx\/es\/#\/schema\/logo\/image\/","url":"https:\/\/mcsoluciones.com.mx\/es\/wp-content\/uploads\/2023\/06\/MC-SOLUCONES-LOGO-05-06-2023-02.png","contentUrl":"https:\/\/mcsoluciones.com.mx\/es\/wp-content\/uploads\/2023\/06\/MC-SOLUCONES-LOGO-05-06-2023-02.png","width":372,"height":71,"caption":"MC Soluciones"},"image":{"@id":"https:\/\/mcsoluciones.com.mx\/es\/#\/schema\/logo\/image\/"}}]}},"_links":{"self":[{"href":"https:\/\/mcsoluciones.com.mx\/es\/wp-json\/wp\/v2\/pages\/305","targetHints":{"allow":["GET"]}}],"collection":[{"href":"https:\/\/mcsoluciones.com.mx\/es\/wp-json\/wp\/v2\/pages"}],"about":[{"href":"https:\/\/mcsoluciones.com.mx\/es\/wp-json\/wp\/v2\/types\/page"}],"author":[{"embeddable":true,"href":"https:\/\/mcsoluciones.com.mx\/es\/wp-json\/wp\/v2\/users\/1"}],"replies":[{"embeddable":true,"href":"https:\/\/mcsoluciones.com.mx\/es\/wp-json\/wp\/v2\/comments?post=305"}],"version-history":[{"count":67,"href":"https:\/\/mcsoluciones.com.mx\/es\/wp-json\/wp\/v2\/pages\/305\/revisions"}],"predecessor-version":[{"id":1305,"href":"https:\/\/mcsoluciones.com.mx\/es\/wp-json\/wp\/v2\/pages\/305\/revisions\/1305"}],"wp:attachment":[{"href":"https:\/\/mcsoluciones.com.mx\/es\/wp-json\/wp\/v2\/media?parent=305"}],"curies":[{"name":"wp","href":"https:\/\/api.w.org\/{rel}","templated":true}]}}