{"id":6,"date":"2023-05-17T13:43:59","date_gmt":"2023-05-17T19:43:59","guid":{"rendered":"http:\/\/rihbenden.mcsoluciones.com.mx\/es\/?page_id=6"},"modified":"2026-03-05T15:42:38","modified_gmt":"2026-03-05T21:42:38","slug":"rihbenden","status":"publish","type":"page","link":"https:\/\/mcsoluciones.com.mx\/es\/rihbenden\/","title":{"rendered":"Rihbenden"},"content":{"rendered":"<div class=\"gb-container gb-container-b750251e\">\n<div class=\"gb-container gb-container-5d56de59\">\n\n<div class=\"gb-element-f18a2c72\">\n<h4 class=\"gb-text gb-text-89daf37b\">Tablillas Rihbenden<\/h4>\n\n\n\n<h5 class=\"gb-text gb-text-33ec0674\">desde 2014<\/h5>\n\n\n\n<h6 class=\"gb-text gb-text-da672e5a\">Creando nanotecnolog\u00eda para su bienestar<\/h6>\n\n\n\n<h6 class=\"gb-text gb-text-cab20bed\">Elaborados con nanoesferas de grafeno<\/h6>\n<\/div>\n\n\n<div class=\"gb-container gb-container-47722552\">\n<div class=\"gb-container gb-container-a1f7f5da\">\n\n<h4 class=\"gb-headline gb-headline-cf95d5de gb-headline-text\">\u00bfQue son las Tablillas Rihbenden?<\/h4>\n\n\n\n<p class=\"gb-headline gb-headline-62df2f70 gb-headline-text\">   Dise\u00f1adas y elaboradas desde el a\u00f1o 2014.   Las Tablillas Rihbenden son poderosos aparatos fabricados con nanocapas y nanoesferas de Grafeno, que utilizan la energ\u00eda que se encuentra a su alrededor, transform\u00e1ndola inmediatamente en energ\u00eda armonizada, asimilable, beneficiosa y \u00fatil para las personas que usen estas tablillas.<br>   Son totalmente ecol\u00f3gicas, con un sustrato flexible e inocuo, sobre el cual se deposita capa por capa los nanoesferas (nanocircuitos) de grafeno.<\/p>\n\n\n\n<h5 class=\"gb-headline gb-headline-84603eb7 gb-headline-text\"><strong>\u00bfC\u00f3mo act\u00faan?<\/strong><\/h5>\n\n\n\n<p class=\"gb-headline gb-headline-2271bcc3 gb-headline-text\">   Todos los seres vivos necesitamos que nuestras vibraciones y energ\u00eda est\u00e9n armonizadas para ser saludables, es por ello que se han desarrollado distintas tablillas con diferentes prop\u00f3sitos y necesidades.<\/p>\n\n<\/div>\n<\/div>\n\n<div class=\"gb-container gb-container-7e13bff8\">\n\n<h5 class=\"gb-headline gb-headline-5a277474 gb-headline-text\"><strong>Linea Personal.<\/strong><\/h5>\n\n\n\n<p class=\"gb-headline gb-headline-cd18a37d gb-headline-text\"><strong>Familia de Tablillas Personales.<\/strong><br>&nbsp; Las Tablillas Personales est\u00e1n dise\u00f1adas para traerse consigo durante el d\u00eda y la noche.  Pueden portarse ya sea en la billetera, bolsa de pantal\u00f3n, mu\u00f1equera, aparato ortop\u00e9dico, colgarse a la altura del pecho, etc.<\/p>\n\n\n\n<p class=\"gb-headline gb-headline-69180f65 gb-headline-text\">&#8211;&nbsp; Estas tablillas pueden usarse en muy diversas formas para ayudar a nuestro organismo.<\/p>\n\n\n\n<p class=\"gb-headline gb-headline-e30d1be7 gb-headline-text\">&#8211;&nbsp; Todas las tablillas tienen los mismos usos, <strong>la diferencia entre ellos es la \u201cpotencia\u201d<\/strong>.<\/p>\n\n\n\n<p class=\"gb-headline gb-headline-101afbd0 gb-headline-text\">&#8211;&nbsp; Pueden apilarse una sobre otra, aumentando la potencia en la zona para un fin espec\u00edfico.<\/p>\n\n\n\n<p class=\"gb-headline gb-headline-52bab029 gb-headline-text\">&nbsp;&nbsp;<strong>LAS TABLILLAS NO SON INVASIVAS,<\/strong>&nbsp;es decir, no se requiere que tengan contacto directamente con la piel y pueden utilizarse sobre la ropa, vendas o cualquier otro objeto que tenga, s\u00f3lo necesita colocarlas sobre la zona de inter\u00e9s.<\/p>\n\n\n<div class=\"gb-container gb-container-3991de58\">\n\n<a class=\"gb-button gb-button-c5610230 gb-button-text\" href=\"https:\/\/mcsoluciones.com.mx\/es\/rihbenden-personales\/\">Saber m\u00e1s&#8230;<\/a>\n\n<\/div>\n<\/div>\n\n<div class=\"gb-container gb-container-a5ba5427\">\n\n<h5 class=\"gb-headline gb-headline-c2cbef8b gb-headline-text\"><strong>Linea Terap\u00e9utica.<\/strong><\/h5>\n\n\n\n<p class=\"gb-headline gb-headline-b5f3bcb2 gb-headline-text\"><strong>Familia de Tablillas Terap\u00e9uticas.<\/strong><br>&nbsp; Las Tablillas Terap\u00e9uticas son un excelente auxiliar en la rehabilitaci\u00f3n, indoloros, sin efectos secundarios, alivia r\u00e1pidamente la inflamaci\u00f3n, dolor, incrementa la cicatrizaci\u00f3n y m\u00e1s.<\/p>\n\n\n<div class=\"gb-container gb-container-1c103288\">\n\n<a class=\"gb-button gb-button-b641b3c7 gb-button-text\" href=\"https:\/\/mcsoluciones.com.mx\/es\/rihbenden-terapeuticas\/\">Saber m\u00e1s&#8230;<\/a>\n\n<\/div>\n<\/div>\n\n<div class=\"gb-container gb-container-3148b4fc\">\n\n<p class=\"gb-headline gb-headline-96914f7f gb-headline-text\">&nbsp;&nbsp;<strong>LAS TABLILLAS NO SON INVASIVAS,<\/strong>&nbsp;es decir, no se requiere que tengan contacto directamente con la piel y pueden utilizarse sobre la ropa, vendas o cualquier otro objeto que tenga, s\u00f3lo necesita colocarlas sobre la zona de inter\u00e9s.<\/p>\n\n<\/div>\n\n<div class=\"gb-container gb-container-0ef380fc\"><\/div>\n\n<div class=\"gb-container gb-container-6f7bca8e\">\n<div class=\"gb-container gb-container-d011a29e\"><\/div>\n\n\n<div class=\"wp-block-kadence-column kadence-column6_50a3f2-58\"><div class=\"kt-inside-inner-col\">\n<figure class=\"wp-block-kadence-image kb-image6_3e252e-d0 size-full\"><img loading=\"lazy\" decoding=\"async\" width=\"422\" height=\"349\" src=\"https:\/\/rihbenden.mcsoluciones.com.mx\/es\/wp-content\/uploads\/2023\/05\/Grapheno_b.png\" alt=\"\" class=\"kb-img wp-image-645\" srcset=\"https:\/\/mcsoluciones.com.mx\/es\/wp-content\/uploads\/2023\/05\/Grapheno_b.png 422w, https:\/\/mcsoluciones.com.mx\/es\/wp-content\/uploads\/2023\/05\/Grapheno_b-300x248.png 300w\" sizes=\"auto, (max-width: 422px) 100vw, 422px\" \/><\/figure>\n<\/div><\/div>\n<div class=\"wp-block-kadence-column kadence-column6_0f4aa5-96\"><div class=\"kt-inside-inner-col\">\n<h4 class=\"gb-headline gb-headline-6d243aaa gb-headline-text\"><strong>\u00bfQue es el Grafeno?<\/strong><\/h4>\n<p class=\"gb-headline gb-headline-22dfbc23 gb-headline-text\">&nbsp;&nbsp; El grafeno es un material nanom\u00e9trico bidimensional, que consiste en una sola capa de \u00e1tomos de carbono fuertemente cohesionados mediante enlaces que presentan hibridaci\u00f3n sp2 y dispuestos en una superficie uniforme, ligeramente ondulada, con una estructura semejante a la de un panal de abejas por su configuraci\u00f3n at\u00f3mica hexagonal. El grafeno es una de las formas alotr\u00f3picas del carbono, como lo son tambi\u00e9n el grafito y el diamante. Para darnos idea, un mil\u00edmetro de grafito contiene tres millones de capas de grafeno.<\/p>\n<\/div><\/div>\n\n\n\n<p class=\"gb-headline gb-headline-12be4500 gb-headline-text\">&nbsp;&nbsp; El grafeno tiene incre\u00edbles propiedades mec\u00e1nicas, electr\u00f3nicas, qu\u00edmicas, magn\u00e9ticas y \u00f3pticas que lo han convertido en uno de los nanomateriales m\u00e1s estudiados en la actualidad. Adem\u00e1s, al ser carbono puro, es abundante en la naturaleza y ecol\u00f3gico.<\/p>\n\n<\/div>\n\n<div class=\"gb-container gb-container-bcb52b26\">\n\n<h6 class=\"gb-headline gb-headline-307e50ad gb-headline-text\">&nbsp;<strong>CARACTER\u00cdSTICAS<\/strong><\/h6>\n\n\n\n<ul class=\"wp-block-list\">\n<li>Es inerte qu\u00edmicamente, no reacciona con el ox\u00edgeno del aire ni se oxida.<\/li>\n\n\n\n<li>Tiene una alta conductividad t\u00e9rmica y el\u00e9ctrica, mayor que las del cobre y la plata.<\/li>\n\n\n\n<li>Es superconductor que es una cualidad que designa a aquellos materiales que, dejan de ejercer resistencia y permiten el paso de la corriente el\u00e9ctrica sin que se produzca una p\u00e9rdida energ\u00e9tica.<\/li>\n\n\n\n<li>Es multiplicador de frecuencias, por lo que permite trabajar a altas frecuencias de reloj.<\/li>\n\n\n\n<li>Soporta la radiaci\u00f3n ionizante, con lo que es aplicable en \u00e1mbitos como el sanitario (radioterapia, etc.).<\/li>\n\n\n\n<li>Es biocompatible, no es t\u00f3xico para las c\u00e9lulas biol\u00f3gicas.<\/li>\n\n\n\n<li>Es bactericida, pero permite el crecimiento de c\u00e9lulas. Las bacterias no crecen en \u00e9l y, por tanto, puede ser \u00fatil en la industria alimentaria o en la biomedicina.<\/li>\n\n\n\n<li>Es carbono puro.<\/li>\n\n\n\n<li>Es bidimensional, unas 100.000 veces m\u00e1s delgado que el cabello humano.<\/li>\n\n\n\n<li>Es el material m\u00e1s resistente de la naturaleza, 200 veces m\u00e1s que el acero estructural con su mismo espesor.<\/li>\n\n\n\n<li>Es m\u00e1s duro al rayado que el diamante.<\/li>\n\n\n\n<li>Es m\u00e1s flexible que la fibra de carbono y el\u00e1stico.<\/li>\n\n\n\n<li>Es hidr\u00f3fugo, repele el agua y la corrosi\u00f3n.<\/li>\n<\/ul>\n\n\n\n<p class=\"gb-headline gb-headline-0bcdb646 gb-headline-text\">&nbsp;&nbsp; Por todo ello, el grafeno promete miles de aplicaciones en sectores muy dispares y se cree que sustituir\u00e1 en la pr\u00f3xima d\u00e9cada a materiales tan importantes como el silicio. El espectro de posibilidades de su aplicaci\u00f3n es de una amplitud y versatilidad tal que inaugura una verdadera revoluci\u00f3n tecnol\u00f3gica.<\/p>\n\n<\/div>\n<\/div>\n<\/div>\n\n<div class=\"gb-container gb-container-2bfdbb17\"><\/div>","protected":false},"excerpt":{"rendered":"<p>Tablillas Rihbenden desde 2014 Creando nanotecnolog\u00eda para su bienestar Elaborados con nanoesferas de grafeno \u00bfQue son las Tablillas Rihbenden? Dise\u00f1adas y elaboradas desde el a\u00f1o 2014. Las Tablillas Rihbenden son poderosos aparatos fabricados con nanocapas y nanoesferas de Grafeno, que utilizan la energ\u00eda que se encuentra a su alrededor, transform\u00e1ndola inmediatamente en energ\u00eda armonizada, asimilable, [&hellip;]<\/p>\n","protected":false},"author":1,"featured_media":0,"parent":0,"menu_order":0,"comment_status":"closed","ping_status":"closed","template":"","meta":{"_crdt_document":"","footnotes":""},"class_list":["post-6","page","type-page","status-publish","hentry"],"blocksy_meta":[],"featured_image_src":null,"yoast_head":"<!-- This site is optimized with the Yoast SEO plugin v27.5 - https:\/\/yoast.com\/product\/yoast-seo-wordpress\/ -->\n<title>Rihbenden - MC Soluciones<\/title>\n<meta name=\"robots\" content=\"noindex, follow, max-snippet:-1, max-image-preview:large, max-video-preview:-1\" \/>\n<meta property=\"og:locale\" content=\"es_ES\" \/>\n<meta property=\"og:type\" content=\"article\" \/>\n<meta property=\"og:title\" content=\"Rihbenden - MC Soluciones\" \/>\n<meta property=\"og:description\" content=\"Tablillas Rihbenden desde 2014 Creando nanotecnolog\u00eda para su bienestar Elaborados con nanoesferas de grafeno \u00bfQue son las Tablillas Rihbenden? Dise\u00f1adas y elaboradas desde el a\u00f1o 2014. Las Tablillas Rihbenden son poderosos aparatos fabricados con nanocapas y nanoesferas de Grafeno, que utilizan la energ\u00eda que se encuentra a su alrededor, transform\u00e1ndola inmediatamente en energ\u00eda armonizada, asimilable, [&hellip;]\" \/>\n<meta property=\"og:url\" content=\"https:\/\/mcsoluciones.com.mx\/es\/rihbenden\/\" \/>\n<meta property=\"og:site_name\" content=\"MC Soluciones\" \/>\n<meta property=\"article:modified_time\" content=\"2026-03-05T21:42:38+00:00\" \/>\n<meta property=\"og:image\" content=\"https:\/\/rihbenden.mcsoluciones.com.mx\/es\/wp-content\/uploads\/2023\/05\/Grapheno_b.png\" \/>\n<meta name=\"twitter:card\" content=\"summary_large_image\" \/>\n<meta name=\"twitter:label1\" content=\"Tiempo de lectura\" \/>\n\t<meta name=\"twitter:data1\" content=\"4 minutos\" \/>\n<script type=\"application\/ld+json\" class=\"yoast-schema-graph\">{\"@context\":\"https:\\\/\\\/schema.org\",\"@graph\":[{\"@type\":\"WebPage\",\"@id\":\"https:\\\/\\\/mcsoluciones.com.mx\\\/es\\\/rihbenden\\\/\",\"url\":\"https:\\\/\\\/mcsoluciones.com.mx\\\/es\\\/rihbenden\\\/\",\"name\":\"Rihbenden - MC Soluciones\",\"isPartOf\":{\"@id\":\"https:\\\/\\\/mcsoluciones.com.mx\\\/es\\\/#website\"},\"primaryImageOfPage\":{\"@id\":\"https:\\\/\\\/mcsoluciones.com.mx\\\/es\\\/rihbenden\\\/#primaryimage\"},\"image\":{\"@id\":\"https:\\\/\\\/mcsoluciones.com.mx\\\/es\\\/rihbenden\\\/#primaryimage\"},\"thumbnailUrl\":\"https:\\\/\\\/rihbenden.mcsoluciones.com.mx\\\/es\\\/wp-content\\\/uploads\\\/2023\\\/05\\\/Grapheno_b.png\",\"datePublished\":\"2023-05-17T19:43:59+00:00\",\"dateModified\":\"2026-03-05T21:42:38+00:00\",\"breadcrumb\":{\"@id\":\"https:\\\/\\\/mcsoluciones.com.mx\\\/es\\\/rihbenden\\\/#breadcrumb\"},\"inLanguage\":\"es\",\"potentialAction\":[{\"@type\":\"ReadAction\",\"target\":[\"https:\\\/\\\/mcsoluciones.com.mx\\\/es\\\/rihbenden\\\/\"]}]},{\"@type\":\"ImageObject\",\"inLanguage\":\"es\",\"@id\":\"https:\\\/\\\/mcsoluciones.com.mx\\\/es\\\/rihbenden\\\/#primaryimage\",\"url\":\"https:\\\/\\\/rihbenden.mcsoluciones.com.mx\\\/es\\\/wp-content\\\/uploads\\\/2023\\\/05\\\/Grapheno_b.png\",\"contentUrl\":\"https:\\\/\\\/rihbenden.mcsoluciones.com.mx\\\/es\\\/wp-content\\\/uploads\\\/2023\\\/05\\\/Grapheno_b.png\"},{\"@type\":\"BreadcrumbList\",\"@id\":\"https:\\\/\\\/mcsoluciones.com.mx\\\/es\\\/rihbenden\\\/#breadcrumb\",\"itemListElement\":[{\"@type\":\"ListItem\",\"position\":1,\"name\":\"Home\",\"item\":\"http:\\\/\\\/mcsoluciones.com.mx\\\/es\\\/\"},{\"@type\":\"ListItem\",\"position\":2,\"name\":\"Rihbenden\"}]},{\"@type\":\"WebSite\",\"@id\":\"https:\\\/\\\/mcsoluciones.com.mx\\\/es\\\/#website\",\"url\":\"https:\\\/\\\/mcsoluciones.com.mx\\\/es\\\/\",\"name\":\"MC Soluciones\",\"description\":\"Creando nanotecnolog\u00eda para su bienestar desde 2014.\",\"publisher\":{\"@id\":\"https:\\\/\\\/mcsoluciones.com.mx\\\/es\\\/#organization\"},\"potentialAction\":[{\"@type\":\"SearchAction\",\"target\":{\"@type\":\"EntryPoint\",\"urlTemplate\":\"https:\\\/\\\/mcsoluciones.com.mx\\\/es\\\/?s={search_term_string}\"},\"query-input\":{\"@type\":\"PropertyValueSpecification\",\"valueRequired\":true,\"valueName\":\"search_term_string\"}}],\"inLanguage\":\"es\"},{\"@type\":\"Organization\",\"@id\":\"https:\\\/\\\/mcsoluciones.com.mx\\\/es\\\/#organization\",\"name\":\"MC Soluciones\",\"url\":\"https:\\\/\\\/mcsoluciones.com.mx\\\/es\\\/\",\"logo\":{\"@type\":\"ImageObject\",\"inLanguage\":\"es\",\"@id\":\"https:\\\/\\\/mcsoluciones.com.mx\\\/es\\\/#\\\/schema\\\/logo\\\/image\\\/\",\"url\":\"https:\\\/\\\/mcsoluciones.com.mx\\\/es\\\/wp-content\\\/uploads\\\/2023\\\/06\\\/MC-SOLUCONES-LOGO-05-06-2023-02.png\",\"contentUrl\":\"https:\\\/\\\/mcsoluciones.com.mx\\\/es\\\/wp-content\\\/uploads\\\/2023\\\/06\\\/MC-SOLUCONES-LOGO-05-06-2023-02.png\",\"width\":372,\"height\":71,\"caption\":\"MC Soluciones\"},\"image\":{\"@id\":\"https:\\\/\\\/mcsoluciones.com.mx\\\/es\\\/#\\\/schema\\\/logo\\\/image\\\/\"}}]}<\/script>\n<!-- \/ Yoast SEO plugin. -->","yoast_head_json":{"title":"Rihbenden - MC Soluciones","robots":{"index":"noindex","follow":"follow","max-snippet":"max-snippet:-1","max-image-preview":"max-image-preview:large","max-video-preview":"max-video-preview:-1"},"og_locale":"es_ES","og_type":"article","og_title":"Rihbenden - MC Soluciones","og_description":"Tablillas Rihbenden desde 2014 Creando nanotecnolog\u00eda para su bienestar Elaborados con nanoesferas de grafeno \u00bfQue son las Tablillas Rihbenden? Dise\u00f1adas y elaboradas desde el a\u00f1o 2014. Las Tablillas Rihbenden son poderosos aparatos fabricados con nanocapas y nanoesferas de Grafeno, que utilizan la energ\u00eda que se encuentra a su alrededor, transform\u00e1ndola inmediatamente en energ\u00eda armonizada, asimilable, [&hellip;]","og_url":"https:\/\/mcsoluciones.com.mx\/es\/rihbenden\/","og_site_name":"MC Soluciones","article_modified_time":"2026-03-05T21:42:38+00:00","og_image":[{"url":"https:\/\/rihbenden.mcsoluciones.com.mx\/es\/wp-content\/uploads\/2023\/05\/Grapheno_b.png","type":"","width":"","height":""}],"twitter_card":"summary_large_image","twitter_misc":{"Tiempo de lectura":"4 minutos"},"schema":{"@context":"https:\/\/schema.org","@graph":[{"@type":"WebPage","@id":"https:\/\/mcsoluciones.com.mx\/es\/rihbenden\/","url":"https:\/\/mcsoluciones.com.mx\/es\/rihbenden\/","name":"Rihbenden - MC Soluciones","isPartOf":{"@id":"https:\/\/mcsoluciones.com.mx\/es\/#website"},"primaryImageOfPage":{"@id":"https:\/\/mcsoluciones.com.mx\/es\/rihbenden\/#primaryimage"},"image":{"@id":"https:\/\/mcsoluciones.com.mx\/es\/rihbenden\/#primaryimage"},"thumbnailUrl":"https:\/\/rihbenden.mcsoluciones.com.mx\/es\/wp-content\/uploads\/2023\/05\/Grapheno_b.png","datePublished":"2023-05-17T19:43:59+00:00","dateModified":"2026-03-05T21:42:38+00:00","breadcrumb":{"@id":"https:\/\/mcsoluciones.com.mx\/es\/rihbenden\/#breadcrumb"},"inLanguage":"es","potentialAction":[{"@type":"ReadAction","target":["https:\/\/mcsoluciones.com.mx\/es\/rihbenden\/"]}]},{"@type":"ImageObject","inLanguage":"es","@id":"https:\/\/mcsoluciones.com.mx\/es\/rihbenden\/#primaryimage","url":"https:\/\/rihbenden.mcsoluciones.com.mx\/es\/wp-content\/uploads\/2023\/05\/Grapheno_b.png","contentUrl":"https:\/\/rihbenden.mcsoluciones.com.mx\/es\/wp-content\/uploads\/2023\/05\/Grapheno_b.png"},{"@type":"BreadcrumbList","@id":"https:\/\/mcsoluciones.com.mx\/es\/rihbenden\/#breadcrumb","itemListElement":[{"@type":"ListItem","position":1,"name":"Home","item":"http:\/\/mcsoluciones.com.mx\/es\/"},{"@type":"ListItem","position":2,"name":"Rihbenden"}]},{"@type":"WebSite","@id":"https:\/\/mcsoluciones.com.mx\/es\/#website","url":"https:\/\/mcsoluciones.com.mx\/es\/","name":"MC Soluciones","description":"Creando nanotecnolog\u00eda para su bienestar desde 2014.","publisher":{"@id":"https:\/\/mcsoluciones.com.mx\/es\/#organization"},"potentialAction":[{"@type":"SearchAction","target":{"@type":"EntryPoint","urlTemplate":"https:\/\/mcsoluciones.com.mx\/es\/?s={search_term_string}"},"query-input":{"@type":"PropertyValueSpecification","valueRequired":true,"valueName":"search_term_string"}}],"inLanguage":"es"},{"@type":"Organization","@id":"https:\/\/mcsoluciones.com.mx\/es\/#organization","name":"MC Soluciones","url":"https:\/\/mcsoluciones.com.mx\/es\/","logo":{"@type":"ImageObject","inLanguage":"es","@id":"https:\/\/mcsoluciones.com.mx\/es\/#\/schema\/logo\/image\/","url":"https:\/\/mcsoluciones.com.mx\/es\/wp-content\/uploads\/2023\/06\/MC-SOLUCONES-LOGO-05-06-2023-02.png","contentUrl":"https:\/\/mcsoluciones.com.mx\/es\/wp-content\/uploads\/2023\/06\/MC-SOLUCONES-LOGO-05-06-2023-02.png","width":372,"height":71,"caption":"MC Soluciones"},"image":{"@id":"https:\/\/mcsoluciones.com.mx\/es\/#\/schema\/logo\/image\/"}}]}},"_links":{"self":[{"href":"https:\/\/mcsoluciones.com.mx\/es\/wp-json\/wp\/v2\/pages\/6","targetHints":{"allow":["GET"]}}],"collection":[{"href":"https:\/\/mcsoluciones.com.mx\/es\/wp-json\/wp\/v2\/pages"}],"about":[{"href":"https:\/\/mcsoluciones.com.mx\/es\/wp-json\/wp\/v2\/types\/page"}],"author":[{"embeddable":true,"href":"https:\/\/mcsoluciones.com.mx\/es\/wp-json\/wp\/v2\/users\/1"}],"replies":[{"embeddable":true,"href":"https:\/\/mcsoluciones.com.mx\/es\/wp-json\/wp\/v2\/comments?post=6"}],"version-history":[{"count":90,"href":"https:\/\/mcsoluciones.com.mx\/es\/wp-json\/wp\/v2\/pages\/6\/revisions"}],"predecessor-version":[{"id":1302,"href":"https:\/\/mcsoluciones.com.mx\/es\/wp-json\/wp\/v2\/pages\/6\/revisions\/1302"}],"wp:attachment":[{"href":"https:\/\/mcsoluciones.com.mx\/es\/wp-json\/wp\/v2\/media?parent=6"}],"curies":[{"name":"wp","href":"https:\/\/api.w.org\/{rel}","templated":true}]}}