{"id":70,"date":"2023-05-19T13:22:33","date_gmt":"2023-05-19T19:22:33","guid":{"rendered":"https:\/\/rihbenden.mcsoluciones.com.mx\/es\/?page_id=70"},"modified":"2026-03-05T15:40:26","modified_gmt":"2026-03-05T21:40:26","slug":"rihbenden-personales","status":"publish","type":"page","link":"https:\/\/mcsoluciones.com.mx\/es\/rihbenden-personales\/","title":{"rendered":"Personales"},"content":{"rendered":"<div class=\"gb-container gb-container-ee447470\">\n<div class=\"gb-container gb-container-80635efb\">\n<div class=\"gb-container gb-container-050c9fd0\">\n\n<p class=\"gb-headline gb-headline-527bdb75 gb-headline-text\">Personales<\/p>\n\n<\/div>\n\n<div class=\"gb-container gb-container-f9d1aac2\">\n\n<p class=\"gb-headline gb-headline-68350380 gb-headline-text\">Familia de Tablillas Personales.<\/p>\n\n\n\n<p class=\"gb-headline gb-headline-33ff550e gb-headline-text\">&nbsp; Las Tablillas Personales est\u00e1n dise\u00f1adas para traerse consigo durante el d\u00eda y la noche.  Pueden portarse ya sea en la billetera, bolsa de pantal\u00f3n, colgarse a la altura del pecho, etc.<\/p>\n\n\n\n<ul class=\"wp-block-list\">\n<li>NOF<\/li>\n\n\n\n<li>AMIT<\/li>\n\n\n\n<li>ADIM<\/li>\n\n\n\n<li>AMPOD<\/li>\n<\/ul>\n\n\n\n<p class=\"gb-headline gb-headline-ad0f5784 gb-headline-text\">&#8211;&nbsp; Estas tablillas pueden usarse en muy diversas formas para ayudar a nuestro organismo.<\/p>\n\n\n\n<p class=\"gb-headline gb-headline-497cdc30 gb-headline-text\">&#8211;&nbsp; Todas las tablillas tienen los mismos usos, <strong>la diferencia entre ellos es la \u201cpotencia\u201d<\/strong>.<\/p>\n\n\n\n<p class=\"gb-headline gb-headline-20dfb63c gb-headline-text\">&#8211;&nbsp; Pueden apilarse una sobre otra, aumentando la potencia en la zona para un fin espec\u00edfico.<\/p>\n\n\n\n<p class=\"gb-headline gb-headline-6feb4a9e gb-headline-text\">&nbsp;&nbsp;<strong>LAS TABLILLAS NO SON INVASIVAS,<\/strong>&nbsp;es decir, no se requiere que tengan contacto directamente con la piel y pueden utilizarse sobre la ropa, vendas o cualquier otro objeto que tenga, s\u00f3lo necesita colocarlas sobre la zona de inter\u00e9s.<\/p>\n\n\n\n<p class=\"gb-headline gb-headline-1c6c41f8 gb-headline-text\">Algunos usos.<\/p>\n\n\n\n<ul class=\"wp-block-list\">\n<li>Auxiliar para neutralizar el efecto de las microondas que han sido absorbidas por el \u00f3xido de hierro de nuestro cuerpo.<\/li>\n\n\n\n<li>Reducir el dolor que muchas personas presentan por diferentes causas.<\/li>\n\n\n\n<li>Aumentar la vitalidad y energ\u00eda reduciendo el estr\u00e9s.<\/li>\n\n\n\n<li>Conciliar el sue\u00f1o m\u00e1s r\u00e1pidamente.<\/li>\n\n\n\n<li>Desinflamar: M\u00fasculos, tendones, am\u00edgdalas, etc.<\/li>\n\n\n\n<li>Sanar y cicatrizar m\u00e1s r\u00e1pido las heridas.<\/li>\n\n\n\n<li>Mitigar c\u00f3licos menstruales.<\/li>\n\n\n\n<li>Disipar flatulencias y exceso de aire en el sistema digestivo.<\/li>\n\n\n\n<li>Ayuda a mejorar la digesti\u00f3n cuando se ha comido mucho.<\/li>\n\n\n\n<li>Entre muchas otras.<\/li>\n<\/ul>\n\n<\/div>\n\n<div class=\"gb-container gb-container-a77bcdc9\">\n\n<p class=\"gb-headline gb-headline-22c863ee gb-headline-text\">Los productos en este momento se ofrecen solamente a los terapeutas.<\/p>\n\n\n\n<p class=\"gb-headline gb-headline-a30497ce gb-headline-text\">Los precios aqu\u00ed expresados son para terap\u00e9utas.<\/p>\n\n<\/div>\n\n<div class=\"gb-container gb-container-e90c1d8b\">\n<div class=\"gb-grid-wrapper gb-grid-wrapper-fabd32df\">\n<div class=\"gb-grid-column gb-grid-column-0f9c85de\"><div class=\"gb-container gb-container-0f9c85de rih-fondo-b rih-video-sombra\">\n\n<figure class=\"gb-block-image gb-block-image-db7106e9\"><img loading=\"lazy\" decoding=\"async\" width=\"300\" height=\"300\" class=\"gb-image gb-image-db7106e9\" src=\"http:\/\/mcsoluciones.com.mx\/es\/wp-content\/uploads\/2023\/06\/NOF-TABLILLA-03-E.png\" alt=\"NOF\" title=\"NOF-TABLILLA\" srcset=\"https:\/\/mcsoluciones.com.mx\/es\/wp-content\/uploads\/2023\/06\/NOF-TABLILLA-03-E.png 300w, https:\/\/mcsoluciones.com.mx\/es\/wp-content\/uploads\/2023\/06\/NOF-TABLILLA-03-E-150x150.png 150w\" sizes=\"auto, (max-width: 300px) 100vw, 300px\" \/><\/figure>\n\n\n\n<h6 class=\"gb-headline gb-headline-9fd66d1d gb-headline-text\">Tablilla \u00abNOF\u00bb<\/h6>\n\n\n\n<p class=\"gb-headline gb-headline-5184dbaf gb-headline-text\"><em><strong>Primer nivel de potencia.<\/strong><\/em><\/p>\n\n\n\n<p class=\"gb-headline gb-headline-e6645851 gb-headline-text\">3 Capas<\/p>\n\n\n\n<p class=\"gb-headline gb-headline-facd3778 gb-headline-text\"><em> \u00bfHa notado que su cuerpo vibra sin raz\u00f3n aparente justo donde coloca el tel\u00e9fono celular?    <\/em><\/p>\n\n\n\n<h5 class=\"gb-headline gb-headline-417ef334 gb-headline-text\">$ 1,499.00 MXN<\/h5>\n\n<\/div><\/div>\n\n<div class=\"gb-grid-column gb-grid-column-29c6de3a\"><div class=\"gb-container gb-container-29c6de3a rih-fondo-b rih-video-sombra\">\n\n<figure class=\"gb-block-image gb-block-image-a2a9e770\"><img decoding=\"async\" class=\"gb-image gb-image-a2a9e770\" src=\"http:\/\/mcsoluciones.com.mx\/imagenes\/rihbenden\/IMG_8941_F.JPG\" alt=\"\"\/><\/figure>\n\n\n\n<h6 class=\"gb-headline gb-headline-e2fb34eb gb-headline-text\">Tablilla \u00abAMIT\u00bb<\/h6>\n\n\n\n<p class=\"gb-headline gb-headline-5de992f2 gb-headline-text\"><em><strong>Segundo nivel de potencia.<\/strong><\/em><\/p>\n\n\n\n<p class=\"gb-headline gb-headline-8baa2550 gb-headline-text\">6 Capas<\/p>\n\n\n\n<p class=\"gb-headline gb-headline-c61fa591 gb-headline-text\"><em>&nbsp;&nbsp; Esta tablilla, nos ayuda a relajarnos, meditar mejor, mente m\u00e1s clara, mayor concentraci\u00f3n y m\u00e1s.<\/em><\/p>\n\n\n\n<h5 class=\"gb-headline gb-headline-cc99cde2 gb-headline-text\">$ 2,999.00 MXN<\/h5>\n\n<\/div><\/div>\n<\/div>\n<\/div>\n\n<div class=\"gb-container gb-container-922767a9\">\n<div class=\"gb-grid-wrapper gb-grid-wrapper-425f4ca3\">\n<div class=\"gb-grid-column gb-grid-column-048d5570\"><div class=\"gb-container gb-container-048d5570 rih-fondo-b rih-video-sombra\">\n\n<figure class=\"gb-block-image gb-block-image-01811edf\"><img decoding=\"async\" class=\"gb-image gb-image-01811edf\" src=\"http:\/\/mcsoluciones.com.mx\/imagenes\/rihbenden\/IMG_9470_E.JPG\" alt=\"\"\/><\/figure>\n\n\n\n<h6 class=\"gb-headline gb-headline-0d40f754 gb-headline-text\">Tablilla \u00abADIM\u00bb<\/h6>\n\n\n\n<p class=\"gb-headline gb-headline-fa0e7e33 gb-headline-text\"><em><strong>Tercer nivel de potencia.<\/strong><\/em><\/p>\n\n\n\n<p class=\"gb-headline gb-headline-c443d470 gb-headline-text\">9 Capas<\/p>\n\n\n\n<p class=\"gb-headline gb-headline-d5740070 gb-headline-text\"><em>&nbsp;&nbsp; \u00bfSufre de dolor de cadera, rodilla, cabeza, cuello, articulaciones, etc.? Soluci\u00f3nelo con esta tablilla.<\/em><\/p>\n\n\n\n<h5 class=\"gb-headline gb-headline-1a8f37c0 gb-headline-text\">$ 4,499.00 MXN<\/h5>\n\n<\/div><\/div>\n\n<div class=\"gb-grid-column gb-grid-column-cf8c5064\"><div class=\"gb-container gb-container-cf8c5064 rih-fondo-b rih-video-sombra\">\n\n<figure class=\"gb-block-image gb-block-image-c9ee1e9c\"><img loading=\"lazy\" decoding=\"async\" width=\"432\" height=\"432\" class=\"gb-image gb-image-c9ee1e9c\" src=\"http:\/\/mcsoluciones.com.mx\/es\/wp-content\/uploads\/2023\/06\/IMG_9478_E.jpg\" alt=\"\" title=\"IMG_9478_E\" srcset=\"https:\/\/mcsoluciones.com.mx\/es\/wp-content\/uploads\/2023\/06\/IMG_9478_E.jpg 432w, https:\/\/mcsoluciones.com.mx\/es\/wp-content\/uploads\/2023\/06\/IMG_9478_E-300x300.jpg 300w, https:\/\/mcsoluciones.com.mx\/es\/wp-content\/uploads\/2023\/06\/IMG_9478_E-150x150.jpg 150w\" sizes=\"auto, (max-width: 432px) 100vw, 432px\" \/><\/figure>\n\n\n\n<h6 class=\"gb-headline gb-headline-c826c4d0 gb-headline-text\">Tablilla \u00abAMPOD\u00bb<\/h6>\n\n\n\n<p class=\"gb-headline gb-headline-0e13251b gb-headline-text\"><em><em><em><strong>Sexto nivel de potencia.<\/strong><\/em><\/em><\/em><\/p>\n\n\n\n<p class=\"gb-headline gb-headline-d0b98017 gb-headline-text\">18 Capas<\/p>\n\n\n\n<p class=\"gb-headline gb-headline-6bbbc833 gb-headline-text\"><em><em><em>&nbsp;&nbsp; Utilice de toda la energ\u00eda  transform\u00e1ndola, armoniz\u00e1ndola y canaliz\u00e1ndola hacia <\/em>usted.<\/em><\/em><\/p>\n\n\n\n<h5 class=\"gb-headline gb-headline-57acc046 gb-headline-text\">$ 8,999.00 MXN<\/h5>\n\n<\/div><\/div>\n<\/div>\n<\/div>\n\n<div class=\"gb-container gb-container-86fad16a\">\n\n<p class=\"gb-headline gb-headline-09dc2409 gb-headline-text\">Los precios aqu\u00ed expresados pueden cambiar sin previo aviso.<\/p>\n\n<\/div>\n<\/div>\n<\/div>\n\n<div class=\"gb-container gb-container-980154a1\">\n<div class=\"gb-container gb-container-81b55a9a\">\n\n<h5 class=\"gb-headline gb-headline-6d390e6c gb-headline-text\">Informaci\u00f3n y ventas a info@mcsoluciones.com.mx<\/h5>\n\n<\/div>\n\n<div class=\"gb-container gb-container-165cde35\">\n<div class=\"gb-container gb-container-a375079a\">\n\n<h5 class=\"gb-headline gb-headline-96cfb62c gb-headline-text\">Por Telegram o WhatsApp<\/h5>\n\n<\/div>\n\n<div class=\"gb-container gb-container-6012cf28\">\n<div class=\"gb-grid-wrapper gb-grid-wrapper-a14574f8\">\n<div class=\"gb-grid-column gb-grid-column-2feb6220\"><div class=\"gb-container gb-container-2feb6220\">\n\n<figure class=\"gb-block-image gb-block-image-7fc860bb\"><a href=\"https:\/\/t.me\/mcsoluciones\"><img loading=\"lazy\" decoding=\"async\" width=\"1891\" height=\"1891\" class=\"gb-image gb-image-7fc860bb\" src=\"http:\/\/mcsoluciones.com.mx\/es\/wp-content\/uploads\/2026\/03\/TELEGRAM-LOGO-01.png\" alt=\"\" title=\"TELEGRAM\" srcset=\"https:\/\/mcsoluciones.com.mx\/es\/wp-content\/uploads\/2026\/03\/TELEGRAM-LOGO-01.png 1891w, https:\/\/mcsoluciones.com.mx\/es\/wp-content\/uploads\/2026\/03\/TELEGRAM-LOGO-01-300x300.png 300w, https:\/\/mcsoluciones.com.mx\/es\/wp-content\/uploads\/2026\/03\/TELEGRAM-LOGO-01-1024x1024.png 1024w, https:\/\/mcsoluciones.com.mx\/es\/wp-content\/uploads\/2026\/03\/TELEGRAM-LOGO-01-150x150.png 150w, https:\/\/mcsoluciones.com.mx\/es\/wp-content\/uploads\/2026\/03\/TELEGRAM-LOGO-01-768x768.png 768w, https:\/\/mcsoluciones.com.mx\/es\/wp-content\/uploads\/2026\/03\/TELEGRAM-LOGO-01-1536x1536.png 1536w\" sizes=\"auto, (max-width: 1891px) 100vw, 1891px\" \/><\/a><\/figure>\n\n<\/div><\/div>\n\n<div class=\"gb-grid-column gb-grid-column-09356637\"><div class=\"gb-container gb-container-09356637\">\n\n<figure class=\"gb-block-image gb-block-image-79051a14\"><a href=\"https:\/\/wa.me\/qr\/OC2L4HNNPAR4M1\"><img loading=\"lazy\" decoding=\"async\" width=\"1891\" height=\"1891\" class=\"gb-image gb-image-79051a14\" src=\"http:\/\/mcsoluciones.com.mx\/es\/wp-content\/uploads\/2026\/03\/WHATSAPP-LOGO-01.png\" alt=\"\" title=\"WHATSAPP\" srcset=\"https:\/\/mcsoluciones.com.mx\/es\/wp-content\/uploads\/2026\/03\/WHATSAPP-LOGO-01.png 1891w, https:\/\/mcsoluciones.com.mx\/es\/wp-content\/uploads\/2026\/03\/WHATSAPP-LOGO-01-300x300.png 300w, https:\/\/mcsoluciones.com.mx\/es\/wp-content\/uploads\/2026\/03\/WHATSAPP-LOGO-01-1024x1024.png 1024w, https:\/\/mcsoluciones.com.mx\/es\/wp-content\/uploads\/2026\/03\/WHATSAPP-LOGO-01-150x150.png 150w, https:\/\/mcsoluciones.com.mx\/es\/wp-content\/uploads\/2026\/03\/WHATSAPP-LOGO-01-768x768.png 768w, https:\/\/mcsoluciones.com.mx\/es\/wp-content\/uploads\/2026\/03\/WHATSAPP-LOGO-01-1536x1536.png 1536w\" sizes=\"auto, (max-width: 1891px) 100vw, 1891px\" \/><\/a><\/figure>\n\n<\/div><\/div>\n<\/div>\n<\/div>\n<\/div>\n<\/div>\n\n\n<p class=\"wp-block-paragraph\"><\/p>\n","protected":false},"excerpt":{"rendered":"<p>Personales Familia de Tablillas Personales. &nbsp; Las Tablillas Personales est\u00e1n dise\u00f1adas para traerse consigo durante el d\u00eda y la noche. Pueden portarse ya sea en la billetera, bolsa de pantal\u00f3n, colgarse a la altura del pecho, etc. &#8211;&nbsp; Estas tablillas pueden usarse en muy diversas formas para ayudar a nuestro organismo. &#8211;&nbsp; Todas las tablillas [&hellip;]<\/p>\n","protected":false},"author":1,"featured_media":0,"parent":0,"menu_order":0,"comment_status":"closed","ping_status":"closed","template":"","meta":{"_crdt_document":"","footnotes":""},"class_list":["post-70","page","type-page","status-publish","hentry"],"blocksy_meta":[],"featured_image_src":null,"yoast_head":"<!-- This site is optimized with the Yoast SEO plugin v27.5 - https:\/\/yoast.com\/product\/yoast-seo-wordpress\/ -->\n<title>Personales - MC Soluciones<\/title>\n<meta name=\"robots\" content=\"noindex, follow, max-snippet:-1, max-image-preview:large, max-video-preview:-1\" \/>\n<meta property=\"og:locale\" content=\"es_ES\" \/>\n<meta property=\"og:type\" content=\"article\" \/>\n<meta property=\"og:title\" content=\"Personales - MC Soluciones\" \/>\n<meta property=\"og:description\" content=\"Personales Familia de Tablillas Personales. &nbsp; Las Tablillas Personales est\u00e1n dise\u00f1adas para traerse consigo durante el d\u00eda y la noche. Pueden portarse ya sea en la billetera, bolsa de pantal\u00f3n, colgarse a la altura del pecho, etc. &#8211;&nbsp; Estas tablillas pueden usarse en muy diversas formas para ayudar a nuestro organismo. &#8211;&nbsp; Todas las tablillas [&hellip;]\" \/>\n<meta property=\"og:url\" content=\"https:\/\/mcsoluciones.com.mx\/es\/rihbenden-personales\/\" \/>\n<meta property=\"og:site_name\" content=\"MC Soluciones\" \/>\n<meta property=\"article:modified_time\" content=\"2026-03-05T21:40:26+00:00\" \/>\n<meta property=\"og:image\" content=\"http:\/\/mcsoluciones.com.mx\/es\/wp-content\/uploads\/2023\/06\/NOF-TABLILLA-03-E.png\" \/>\n<meta name=\"twitter:card\" content=\"summary_large_image\" \/>\n<meta name=\"twitter:label1\" content=\"Tiempo de lectura\" \/>\n\t<meta name=\"twitter:data1\" content=\"3 minutos\" \/>\n<script type=\"application\/ld+json\" class=\"yoast-schema-graph\">{\"@context\":\"https:\\\/\\\/schema.org\",\"@graph\":[{\"@type\":\"WebPage\",\"@id\":\"https:\\\/\\\/mcsoluciones.com.mx\\\/es\\\/rihbenden-personales\\\/\",\"url\":\"https:\\\/\\\/mcsoluciones.com.mx\\\/es\\\/rihbenden-personales\\\/\",\"name\":\"Personales - MC Soluciones\",\"isPartOf\":{\"@id\":\"https:\\\/\\\/mcsoluciones.com.mx\\\/es\\\/#website\"},\"primaryImageOfPage\":{\"@id\":\"https:\\\/\\\/mcsoluciones.com.mx\\\/es\\\/rihbenden-personales\\\/#primaryimage\"},\"image\":{\"@id\":\"https:\\\/\\\/mcsoluciones.com.mx\\\/es\\\/rihbenden-personales\\\/#primaryimage\"},\"thumbnailUrl\":\"http:\\\/\\\/mcsoluciones.com.mx\\\/es\\\/wp-content\\\/uploads\\\/2023\\\/06\\\/NOF-TABLILLA-03-E.png\",\"datePublished\":\"2023-05-19T19:22:33+00:00\",\"dateModified\":\"2026-03-05T21:40:26+00:00\",\"breadcrumb\":{\"@id\":\"https:\\\/\\\/mcsoluciones.com.mx\\\/es\\\/rihbenden-personales\\\/#breadcrumb\"},\"inLanguage\":\"es\",\"potentialAction\":[{\"@type\":\"ReadAction\",\"target\":[\"https:\\\/\\\/mcsoluciones.com.mx\\\/es\\\/rihbenden-personales\\\/\"]}]},{\"@type\":\"ImageObject\",\"inLanguage\":\"es\",\"@id\":\"https:\\\/\\\/mcsoluciones.com.mx\\\/es\\\/rihbenden-personales\\\/#primaryimage\",\"url\":\"https:\\\/\\\/mcsoluciones.com.mx\\\/es\\\/wp-content\\\/uploads\\\/2023\\\/06\\\/NOF-TABLILLA-03-E.png\",\"contentUrl\":\"https:\\\/\\\/mcsoluciones.com.mx\\\/es\\\/wp-content\\\/uploads\\\/2023\\\/06\\\/NOF-TABLILLA-03-E.png\",\"width\":300,\"height\":300},{\"@type\":\"BreadcrumbList\",\"@id\":\"https:\\\/\\\/mcsoluciones.com.mx\\\/es\\\/rihbenden-personales\\\/#breadcrumb\",\"itemListElement\":[{\"@type\":\"ListItem\",\"position\":1,\"name\":\"Home\",\"item\":\"http:\\\/\\\/mcsoluciones.com.mx\\\/es\\\/\"},{\"@type\":\"ListItem\",\"position\":2,\"name\":\"Personales\"}]},{\"@type\":\"WebSite\",\"@id\":\"https:\\\/\\\/mcsoluciones.com.mx\\\/es\\\/#website\",\"url\":\"https:\\\/\\\/mcsoluciones.com.mx\\\/es\\\/\",\"name\":\"MC Soluciones\",\"description\":\"Creando nanotecnolog\u00eda para su bienestar desde 2014.\",\"publisher\":{\"@id\":\"https:\\\/\\\/mcsoluciones.com.mx\\\/es\\\/#organization\"},\"potentialAction\":[{\"@type\":\"SearchAction\",\"target\":{\"@type\":\"EntryPoint\",\"urlTemplate\":\"https:\\\/\\\/mcsoluciones.com.mx\\\/es\\\/?s={search_term_string}\"},\"query-input\":{\"@type\":\"PropertyValueSpecification\",\"valueRequired\":true,\"valueName\":\"search_term_string\"}}],\"inLanguage\":\"es\"},{\"@type\":\"Organization\",\"@id\":\"https:\\\/\\\/mcsoluciones.com.mx\\\/es\\\/#organization\",\"name\":\"MC Soluciones\",\"url\":\"https:\\\/\\\/mcsoluciones.com.mx\\\/es\\\/\",\"logo\":{\"@type\":\"ImageObject\",\"inLanguage\":\"es\",\"@id\":\"https:\\\/\\\/mcsoluciones.com.mx\\\/es\\\/#\\\/schema\\\/logo\\\/image\\\/\",\"url\":\"https:\\\/\\\/mcsoluciones.com.mx\\\/es\\\/wp-content\\\/uploads\\\/2023\\\/06\\\/MC-SOLUCONES-LOGO-05-06-2023-02.png\",\"contentUrl\":\"https:\\\/\\\/mcsoluciones.com.mx\\\/es\\\/wp-content\\\/uploads\\\/2023\\\/06\\\/MC-SOLUCONES-LOGO-05-06-2023-02.png\",\"width\":372,\"height\":71,\"caption\":\"MC Soluciones\"},\"image\":{\"@id\":\"https:\\\/\\\/mcsoluciones.com.mx\\\/es\\\/#\\\/schema\\\/logo\\\/image\\\/\"}}]}<\/script>\n<!-- \/ Yoast SEO plugin. -->","yoast_head_json":{"title":"Personales - MC Soluciones","robots":{"index":"noindex","follow":"follow","max-snippet":"max-snippet:-1","max-image-preview":"max-image-preview:large","max-video-preview":"max-video-preview:-1"},"og_locale":"es_ES","og_type":"article","og_title":"Personales - MC Soluciones","og_description":"Personales Familia de Tablillas Personales. &nbsp; Las Tablillas Personales est\u00e1n dise\u00f1adas para traerse consigo durante el d\u00eda y la noche. Pueden portarse ya sea en la billetera, bolsa de pantal\u00f3n, colgarse a la altura del pecho, etc. &#8211;&nbsp; Estas tablillas pueden usarse en muy diversas formas para ayudar a nuestro organismo. &#8211;&nbsp; Todas las tablillas [&hellip;]","og_url":"https:\/\/mcsoluciones.com.mx\/es\/rihbenden-personales\/","og_site_name":"MC Soluciones","article_modified_time":"2026-03-05T21:40:26+00:00","og_image":[{"url":"http:\/\/mcsoluciones.com.mx\/es\/wp-content\/uploads\/2023\/06\/NOF-TABLILLA-03-E.png","type":"","width":"","height":""}],"twitter_card":"summary_large_image","twitter_misc":{"Tiempo de lectura":"3 minutos"},"schema":{"@context":"https:\/\/schema.org","@graph":[{"@type":"WebPage","@id":"https:\/\/mcsoluciones.com.mx\/es\/rihbenden-personales\/","url":"https:\/\/mcsoluciones.com.mx\/es\/rihbenden-personales\/","name":"Personales - MC Soluciones","isPartOf":{"@id":"https:\/\/mcsoluciones.com.mx\/es\/#website"},"primaryImageOfPage":{"@id":"https:\/\/mcsoluciones.com.mx\/es\/rihbenden-personales\/#primaryimage"},"image":{"@id":"https:\/\/mcsoluciones.com.mx\/es\/rihbenden-personales\/#primaryimage"},"thumbnailUrl":"http:\/\/mcsoluciones.com.mx\/es\/wp-content\/uploads\/2023\/06\/NOF-TABLILLA-03-E.png","datePublished":"2023-05-19T19:22:33+00:00","dateModified":"2026-03-05T21:40:26+00:00","breadcrumb":{"@id":"https:\/\/mcsoluciones.com.mx\/es\/rihbenden-personales\/#breadcrumb"},"inLanguage":"es","potentialAction":[{"@type":"ReadAction","target":["https:\/\/mcsoluciones.com.mx\/es\/rihbenden-personales\/"]}]},{"@type":"ImageObject","inLanguage":"es","@id":"https:\/\/mcsoluciones.com.mx\/es\/rihbenden-personales\/#primaryimage","url":"https:\/\/mcsoluciones.com.mx\/es\/wp-content\/uploads\/2023\/06\/NOF-TABLILLA-03-E.png","contentUrl":"https:\/\/mcsoluciones.com.mx\/es\/wp-content\/uploads\/2023\/06\/NOF-TABLILLA-03-E.png","width":300,"height":300},{"@type":"BreadcrumbList","@id":"https:\/\/mcsoluciones.com.mx\/es\/rihbenden-personales\/#breadcrumb","itemListElement":[{"@type":"ListItem","position":1,"name":"Home","item":"http:\/\/mcsoluciones.com.mx\/es\/"},{"@type":"ListItem","position":2,"name":"Personales"}]},{"@type":"WebSite","@id":"https:\/\/mcsoluciones.com.mx\/es\/#website","url":"https:\/\/mcsoluciones.com.mx\/es\/","name":"MC Soluciones","description":"Creando nanotecnolog\u00eda para su bienestar desde 2014.","publisher":{"@id":"https:\/\/mcsoluciones.com.mx\/es\/#organization"},"potentialAction":[{"@type":"SearchAction","target":{"@type":"EntryPoint","urlTemplate":"https:\/\/mcsoluciones.com.mx\/es\/?s={search_term_string}"},"query-input":{"@type":"PropertyValueSpecification","valueRequired":true,"valueName":"search_term_string"}}],"inLanguage":"es"},{"@type":"Organization","@id":"https:\/\/mcsoluciones.com.mx\/es\/#organization","name":"MC Soluciones","url":"https:\/\/mcsoluciones.com.mx\/es\/","logo":{"@type":"ImageObject","inLanguage":"es","@id":"https:\/\/mcsoluciones.com.mx\/es\/#\/schema\/logo\/image\/","url":"https:\/\/mcsoluciones.com.mx\/es\/wp-content\/uploads\/2023\/06\/MC-SOLUCONES-LOGO-05-06-2023-02.png","contentUrl":"https:\/\/mcsoluciones.com.mx\/es\/wp-content\/uploads\/2023\/06\/MC-SOLUCONES-LOGO-05-06-2023-02.png","width":372,"height":71,"caption":"MC Soluciones"},"image":{"@id":"https:\/\/mcsoluciones.com.mx\/es\/#\/schema\/logo\/image\/"}}]}},"_links":{"self":[{"href":"https:\/\/mcsoluciones.com.mx\/es\/wp-json\/wp\/v2\/pages\/70","targetHints":{"allow":["GET"]}}],"collection":[{"href":"https:\/\/mcsoluciones.com.mx\/es\/wp-json\/wp\/v2\/pages"}],"about":[{"href":"https:\/\/mcsoluciones.com.mx\/es\/wp-json\/wp\/v2\/types\/page"}],"author":[{"embeddable":true,"href":"https:\/\/mcsoluciones.com.mx\/es\/wp-json\/wp\/v2\/users\/1"}],"replies":[{"embeddable":true,"href":"https:\/\/mcsoluciones.com.mx\/es\/wp-json\/wp\/v2\/comments?post=70"}],"version-history":[{"count":54,"href":"https:\/\/mcsoluciones.com.mx\/es\/wp-json\/wp\/v2\/pages\/70\/revisions"}],"predecessor-version":[{"id":1294,"href":"https:\/\/mcsoluciones.com.mx\/es\/wp-json\/wp\/v2\/pages\/70\/revisions\/1294"}],"wp:attachment":[{"href":"https:\/\/mcsoluciones.com.mx\/es\/wp-json\/wp\/v2\/media?parent=70"}],"curies":[{"name":"wp","href":"https:\/\/api.w.org\/{rel}","templated":true}]}}