{"id":771,"date":"2023-06-04T22:57:41","date_gmt":"2023-06-05T04:57:41","guid":{"rendered":"https:\/\/rihbenden.mcsoluciones.com.mx\/es\/?page_id=771"},"modified":"2026-03-05T15:39:30","modified_gmt":"2026-03-05T21:39:30","slug":"no-mas-olores-mascotas","status":"publish","type":"page","link":"https:\/\/mcsoluciones.com.mx\/es\/no-mas-olores-mascotas\/","title":{"rendered":"No m\u00e1s olores &#8211; Mascotas"},"content":{"rendered":"<div class=\"gb-container gb-container-79af53fa\"><\/div>\n\n<div class=\"gb-container gb-container-328d4989\">\n<div class=\"gb-container gb-container-da33d33e\"><\/div>\n\n<div class=\"gb-container gb-container-77ee3cfd\">\n\n<figure class=\"gb-block-image gb-block-image-143d718a\"><img loading=\"lazy\" decoding=\"async\" width=\"600\" height=\"867\" class=\"gb-image gb-image-143d718a\" src=\"http:\/\/mcsoluciones.com.mx\/es\/wp-content\/uploads\/2024\/11\/NO-MAS-OLORES-MASCOTAS-VOLANTE-MDV-FRENTE-10-C.png\" alt=\"\" title=\"NO MAS OLORES MASCOTAS - VOLANTE MDV FRENTE 10-C\" srcset=\"https:\/\/mcsoluciones.com.mx\/es\/wp-content\/uploads\/2024\/11\/NO-MAS-OLORES-MASCOTAS-VOLANTE-MDV-FRENTE-10-C.png 600w, https:\/\/mcsoluciones.com.mx\/es\/wp-content\/uploads\/2024\/11\/NO-MAS-OLORES-MASCOTAS-VOLANTE-MDV-FRENTE-10-C-208x300.png 208w\" sizes=\"auto, (max-width: 600px) 100vw, 600px\" \/><\/figure>\n\n<\/div>\n\n<div class=\"gb-container gb-container-6ca5b936\">\n<div class=\"gb-grid-wrapper gb-grid-wrapper-9e0890b7\">\n<div class=\"gb-grid-column gb-grid-column-a909732b\"><div class=\"gb-container gb-container-a909732b\">\n\n<figure class=\"gb-block-image gb-block-image-a0bf33ed\"><img loading=\"lazy\" decoding=\"async\" width=\"568\" height=\"1969\" class=\"gb-image gb-image-a0bf33ed\" src=\"http:\/\/mcsoluciones.com.mx\/es\/wp-content\/uploads\/2024\/11\/NO-MAS-OLORES-BOTELLA-04.png\" alt=\"NO M\u00c1S OLORES - ENVASE 1 LITRO\" title=\"NO M\u00c1S OLORES - BOTELLA 04\" srcset=\"https:\/\/mcsoluciones.com.mx\/es\/wp-content\/uploads\/2024\/11\/NO-MAS-OLORES-BOTELLA-04.png 568w, https:\/\/mcsoluciones.com.mx\/es\/wp-content\/uploads\/2024\/11\/NO-MAS-OLORES-BOTELLA-04-295x1024.png 295w, https:\/\/mcsoluciones.com.mx\/es\/wp-content\/uploads\/2024\/11\/NO-MAS-OLORES-BOTELLA-04-443x1536.png 443w\" sizes=\"auto, (max-width: 568px) 100vw, 568px\" \/><\/figure>\n\n<\/div><\/div>\n\n<div class=\"gb-grid-column gb-grid-column-1f160975\"><div class=\"gb-container gb-container-1f160975\">\n\n<p class=\"gb-headline gb-headline-2bd71afd gb-headline-text\"><strong>Limpia y elimina el mal olor de las mascotas.<br>Elimina las manchas de orina y heces.<\/strong><br>Deodoriza f\u00e1cilmente pisos, paredes, puertas, banquetas, etc.<br>Desintegra el amoniaco causante de los malos olores.<br>\u00daselo en mobiliario de acero o pl\u00e1stico y telas.<\/p>\n\n\n\n<p class=\"gb-headline gb-headline-375c67bf gb-headline-text\">Elimina virus y bacterias en un 99,9%<br>Espec\u00edficamente formulado para eliminar el fuerte olor<br>en consultorios veterinarios, est\u00e9ticas caninas, etc.<\/p>\n\n\n\n<p class=\"gb-headline gb-headline-da056150 gb-headline-text\"><strong>F\u00f3rmula concentrada puede diluirse hasta 6 veces m\u00e1s<\/strong>.<\/p>\n\n\n\n<p class=\"gb-headline gb-headline-fbab267b gb-headline-text\"><strong>Sin diluir \u00faselo con atomizador.<\/strong><\/p>\n\n\n\n<p class=\"gb-headline gb-headline-d1e90b0d gb-headline-text\">Libre de \u00e1cidos, colorantes y aromatizantes<br>NO T\u00d3XICO<br>PRODUCTO 100% NATURAL Y TOTALMENTE ORG\u00c1NICO<\/p>\n\n<\/div><\/div>\n<\/div>\n<\/div>\n\n<div class=\"gb-container gb-container-90e2f191\"><\/div>\n\n<div class=\"gb-container gb-container-89a471dc\">\n\n<h2 class=\"gb-headline gb-headline-b1c687de gb-headline-text\"><span style=\"color: rgb(58, 79, 102); font-family: Raleway, sans-serif; font-size: 19.8px; font-style: normal; font-variant-ligatures: normal; font-variant-caps: normal; font-weight: 600; letter-spacing: normal; orphans: 2; text-align: center; text-indent: 0px; text-transform: none; widows: 2; word-spacing: 0px; -webkit-text-stroke-width: 0px; white-space: normal; background-color: rgb(250, 251, 252); text-decoration-thickness: initial; text-decoration-style: initial; text-decoration-color: initial; display: inline !important; float: none;\">Los precios aqu\u00ed expresados son para veterinarias, est\u00e9ticas caninas, etc.<\/span><\/h2>\n\n<\/div>\n\n<div class=\"gb-container gb-container-8cd1cb80\">\n<div class=\"gb-grid-wrapper gb-grid-wrapper-ef33b674\">\n<div class=\"gb-grid-column gb-grid-column-9aa67392\"><div class=\"gb-container gb-container-9aa67392\">\n\n<h4 class=\"gb-headline gb-headline-982c4009 gb-headline-text\">Envase de 1 litro<\/h4>\n\n<\/div><\/div>\n\n<div class=\"gb-grid-column gb-grid-column-9369a240\"><div class=\"gb-container gb-container-9369a240\">\n\n<h4 class=\"gb-headline gb-headline-464d45e3 gb-headline-text\">$ 599.00 MXN<\/h4>\n\n<\/div><\/div>\n<\/div>\n<\/div>\n\n<div class=\"gb-container gb-container-b705b3db\">\n<div class=\"gb-container gb-container-215ca61a\">\n\n<h5 class=\"gb-headline gb-headline-e61b72fc gb-headline-text\">Informaci\u00f3n y ventas a info@mcsoluciones.com.mx<\/h5>\n\n<\/div>\n\n<div class=\"gb-container gb-container-165cde35\">\n<div class=\"gb-container gb-container-a375079a\">\n\n<h5 class=\"gb-headline gb-headline-96cfb62c gb-headline-text\">Por Telegram o WhatsApp<\/h5>\n\n<\/div>\n\n<div class=\"gb-container gb-container-6012cf28\">\n<div class=\"gb-grid-wrapper gb-grid-wrapper-a14574f8\">\n<div class=\"gb-grid-column gb-grid-column-2feb6220\"><div class=\"gb-container gb-container-2feb6220\">\n\n<figure class=\"gb-block-image gb-block-image-7fc860bb\"><a href=\"https:\/\/t.me\/mcsoluciones\"><img loading=\"lazy\" decoding=\"async\" width=\"1891\" height=\"1891\" class=\"gb-image gb-image-7fc860bb\" src=\"http:\/\/mcsoluciones.com.mx\/es\/wp-content\/uploads\/2026\/03\/TELEGRAM-LOGO-01.png\" alt=\"\" title=\"TELEGRAM\" srcset=\"https:\/\/mcsoluciones.com.mx\/es\/wp-content\/uploads\/2026\/03\/TELEGRAM-LOGO-01.png 1891w, https:\/\/mcsoluciones.com.mx\/es\/wp-content\/uploads\/2026\/03\/TELEGRAM-LOGO-01-300x300.png 300w, https:\/\/mcsoluciones.com.mx\/es\/wp-content\/uploads\/2026\/03\/TELEGRAM-LOGO-01-1024x1024.png 1024w, https:\/\/mcsoluciones.com.mx\/es\/wp-content\/uploads\/2026\/03\/TELEGRAM-LOGO-01-150x150.png 150w, https:\/\/mcsoluciones.com.mx\/es\/wp-content\/uploads\/2026\/03\/TELEGRAM-LOGO-01-768x768.png 768w, https:\/\/mcsoluciones.com.mx\/es\/wp-content\/uploads\/2026\/03\/TELEGRAM-LOGO-01-1536x1536.png 1536w\" sizes=\"auto, (max-width: 1891px) 100vw, 1891px\" \/><\/a><\/figure>\n\n<\/div><\/div>\n\n<div class=\"gb-grid-column gb-grid-column-09356637\"><div class=\"gb-container gb-container-09356637\">\n\n<figure class=\"gb-block-image gb-block-image-79051a14\"><a href=\"https:\/\/wa.me\/qr\/OC2L4HNNPAR4M1\"><img loading=\"lazy\" decoding=\"async\" width=\"1891\" height=\"1891\" class=\"gb-image gb-image-79051a14\" src=\"http:\/\/mcsoluciones.com.mx\/es\/wp-content\/uploads\/2026\/03\/WHATSAPP-LOGO-01.png\" alt=\"\" title=\"WHATSAPP\" srcset=\"https:\/\/mcsoluciones.com.mx\/es\/wp-content\/uploads\/2026\/03\/WHATSAPP-LOGO-01.png 1891w, https:\/\/mcsoluciones.com.mx\/es\/wp-content\/uploads\/2026\/03\/WHATSAPP-LOGO-01-300x300.png 300w, https:\/\/mcsoluciones.com.mx\/es\/wp-content\/uploads\/2026\/03\/WHATSAPP-LOGO-01-1024x1024.png 1024w, https:\/\/mcsoluciones.com.mx\/es\/wp-content\/uploads\/2026\/03\/WHATSAPP-LOGO-01-150x150.png 150w, https:\/\/mcsoluciones.com.mx\/es\/wp-content\/uploads\/2026\/03\/WHATSAPP-LOGO-01-768x768.png 768w, https:\/\/mcsoluciones.com.mx\/es\/wp-content\/uploads\/2026\/03\/WHATSAPP-LOGO-01-1536x1536.png 1536w\" sizes=\"auto, (max-width: 1891px) 100vw, 1891px\" \/><\/a><\/figure>\n\n<\/div><\/div>\n<\/div>\n<\/div>\n<\/div>\n<\/div>\n<\/div>\n\n\n<p class=\"wp-block-paragraph\"><\/p>\n","protected":false},"excerpt":{"rendered":"<p>Los precios aqu\u00ed expresados son para veterinarias, est\u00e9ticas caninas, etc. Informaci\u00f3n y ventas a info@mcsoluciones.com.mx Por Telegram o WhatsApp<\/p>\n","protected":false},"author":1,"featured_media":0,"parent":0,"menu_order":0,"comment_status":"closed","ping_status":"closed","template":"","meta":{"_crdt_document":"","footnotes":""},"class_list":["post-771","page","type-page","status-publish","hentry"],"blocksy_meta":[],"featured_image_src":null,"yoast_head":"<!-- This site is optimized with the Yoast SEO plugin v27.5 - https:\/\/yoast.com\/product\/yoast-seo-wordpress\/ -->\n<title>No m\u00e1s olores - Mascotas - MC Soluciones<\/title>\n<meta name=\"robots\" content=\"noindex, follow, max-snippet:-1, max-image-preview:large, max-video-preview:-1\" \/>\n<meta property=\"og:locale\" content=\"es_ES\" \/>\n<meta property=\"og:type\" content=\"article\" \/>\n<meta property=\"og:title\" content=\"No m\u00e1s olores - Mascotas - MC Soluciones\" \/>\n<meta property=\"og:description\" content=\"Los precios aqu\u00ed expresados son para veterinarias, est\u00e9ticas caninas, etc. Informaci\u00f3n y ventas a info@mcsoluciones.com.mx Por Telegram o WhatsApp\" \/>\n<meta property=\"og:url\" content=\"https:\/\/mcsoluciones.com.mx\/es\/no-mas-olores-mascotas\/\" \/>\n<meta property=\"og:site_name\" content=\"MC Soluciones\" \/>\n<meta property=\"article:modified_time\" content=\"2026-03-05T21:39:30+00:00\" \/>\n<meta property=\"og:image\" content=\"http:\/\/mcsoluciones.com.mx\/es\/wp-content\/uploads\/2024\/11\/NO-MAS-OLORES-MASCOTAS-VOLANTE-MDV-FRENTE-10-C.png\" \/>\n<meta name=\"twitter:card\" content=\"summary_large_image\" \/>\n<meta name=\"twitter:label1\" content=\"Tiempo de lectura\" \/>\n\t<meta name=\"twitter:data1\" content=\"1 minuto\" \/>\n<script type=\"application\/ld+json\" class=\"yoast-schema-graph\">{\"@context\":\"https:\\\/\\\/schema.org\",\"@graph\":[{\"@type\":\"WebPage\",\"@id\":\"https:\\\/\\\/mcsoluciones.com.mx\\\/es\\\/no-mas-olores-mascotas\\\/\",\"url\":\"https:\\\/\\\/mcsoluciones.com.mx\\\/es\\\/no-mas-olores-mascotas\\\/\",\"name\":\"No m\u00e1s olores - Mascotas - MC Soluciones\",\"isPartOf\":{\"@id\":\"https:\\\/\\\/mcsoluciones.com.mx\\\/es\\\/#website\"},\"primaryImageOfPage\":{\"@id\":\"https:\\\/\\\/mcsoluciones.com.mx\\\/es\\\/no-mas-olores-mascotas\\\/#primaryimage\"},\"image\":{\"@id\":\"https:\\\/\\\/mcsoluciones.com.mx\\\/es\\\/no-mas-olores-mascotas\\\/#primaryimage\"},\"thumbnailUrl\":\"http:\\\/\\\/mcsoluciones.com.mx\\\/es\\\/wp-content\\\/uploads\\\/2024\\\/11\\\/NO-MAS-OLORES-MASCOTAS-VOLANTE-MDV-FRENTE-10-C.png\",\"datePublished\":\"2023-06-05T04:57:41+00:00\",\"dateModified\":\"2026-03-05T21:39:30+00:00\",\"breadcrumb\":{\"@id\":\"https:\\\/\\\/mcsoluciones.com.mx\\\/es\\\/no-mas-olores-mascotas\\\/#breadcrumb\"},\"inLanguage\":\"es\",\"potentialAction\":[{\"@type\":\"ReadAction\",\"target\":[\"https:\\\/\\\/mcsoluciones.com.mx\\\/es\\\/no-mas-olores-mascotas\\\/\"]}]},{\"@type\":\"ImageObject\",\"inLanguage\":\"es\",\"@id\":\"https:\\\/\\\/mcsoluciones.com.mx\\\/es\\\/no-mas-olores-mascotas\\\/#primaryimage\",\"url\":\"http:\\\/\\\/mcsoluciones.com.mx\\\/es\\\/wp-content\\\/uploads\\\/2024\\\/11\\\/NO-MAS-OLORES-MASCOTAS-VOLANTE-MDV-FRENTE-10-C.png\",\"contentUrl\":\"http:\\\/\\\/mcsoluciones.com.mx\\\/es\\\/wp-content\\\/uploads\\\/2024\\\/11\\\/NO-MAS-OLORES-MASCOTAS-VOLANTE-MDV-FRENTE-10-C.png\"},{\"@type\":\"BreadcrumbList\",\"@id\":\"https:\\\/\\\/mcsoluciones.com.mx\\\/es\\\/no-mas-olores-mascotas\\\/#breadcrumb\",\"itemListElement\":[{\"@type\":\"ListItem\",\"position\":1,\"name\":\"Home\",\"item\":\"http:\\\/\\\/mcsoluciones.com.mx\\\/es\\\/\"},{\"@type\":\"ListItem\",\"position\":2,\"name\":\"No m\u00e1s olores &#8211; Mascotas\"}]},{\"@type\":\"WebSite\",\"@id\":\"https:\\\/\\\/mcsoluciones.com.mx\\\/es\\\/#website\",\"url\":\"https:\\\/\\\/mcsoluciones.com.mx\\\/es\\\/\",\"name\":\"MC Soluciones\",\"description\":\"Creando nanotecnolog\u00eda para su bienestar desde 2014.\",\"publisher\":{\"@id\":\"https:\\\/\\\/mcsoluciones.com.mx\\\/es\\\/#organization\"},\"potentialAction\":[{\"@type\":\"SearchAction\",\"target\":{\"@type\":\"EntryPoint\",\"urlTemplate\":\"https:\\\/\\\/mcsoluciones.com.mx\\\/es\\\/?s={search_term_string}\"},\"query-input\":{\"@type\":\"PropertyValueSpecification\",\"valueRequired\":true,\"valueName\":\"search_term_string\"}}],\"inLanguage\":\"es\"},{\"@type\":\"Organization\",\"@id\":\"https:\\\/\\\/mcsoluciones.com.mx\\\/es\\\/#organization\",\"name\":\"MC Soluciones\",\"url\":\"https:\\\/\\\/mcsoluciones.com.mx\\\/es\\\/\",\"logo\":{\"@type\":\"ImageObject\",\"inLanguage\":\"es\",\"@id\":\"https:\\\/\\\/mcsoluciones.com.mx\\\/es\\\/#\\\/schema\\\/logo\\\/image\\\/\",\"url\":\"https:\\\/\\\/mcsoluciones.com.mx\\\/es\\\/wp-content\\\/uploads\\\/2023\\\/06\\\/MC-SOLUCONES-LOGO-05-06-2023-02.png\",\"contentUrl\":\"https:\\\/\\\/mcsoluciones.com.mx\\\/es\\\/wp-content\\\/uploads\\\/2023\\\/06\\\/MC-SOLUCONES-LOGO-05-06-2023-02.png\",\"width\":372,\"height\":71,\"caption\":\"MC Soluciones\"},\"image\":{\"@id\":\"https:\\\/\\\/mcsoluciones.com.mx\\\/es\\\/#\\\/schema\\\/logo\\\/image\\\/\"}}]}<\/script>\n<!-- \/ Yoast SEO plugin. -->","yoast_head_json":{"title":"No m\u00e1s olores - Mascotas - MC Soluciones","robots":{"index":"noindex","follow":"follow","max-snippet":"max-snippet:-1","max-image-preview":"max-image-preview:large","max-video-preview":"max-video-preview:-1"},"og_locale":"es_ES","og_type":"article","og_title":"No m\u00e1s olores - Mascotas - MC Soluciones","og_description":"Los precios aqu\u00ed expresados son para veterinarias, est\u00e9ticas caninas, etc. Informaci\u00f3n y ventas a info@mcsoluciones.com.mx Por Telegram o WhatsApp","og_url":"https:\/\/mcsoluciones.com.mx\/es\/no-mas-olores-mascotas\/","og_site_name":"MC Soluciones","article_modified_time":"2026-03-05T21:39:30+00:00","og_image":[{"url":"http:\/\/mcsoluciones.com.mx\/es\/wp-content\/uploads\/2024\/11\/NO-MAS-OLORES-MASCOTAS-VOLANTE-MDV-FRENTE-10-C.png","type":"","width":"","height":""}],"twitter_card":"summary_large_image","twitter_misc":{"Tiempo de lectura":"1 minuto"},"schema":{"@context":"https:\/\/schema.org","@graph":[{"@type":"WebPage","@id":"https:\/\/mcsoluciones.com.mx\/es\/no-mas-olores-mascotas\/","url":"https:\/\/mcsoluciones.com.mx\/es\/no-mas-olores-mascotas\/","name":"No m\u00e1s olores - Mascotas - MC Soluciones","isPartOf":{"@id":"https:\/\/mcsoluciones.com.mx\/es\/#website"},"primaryImageOfPage":{"@id":"https:\/\/mcsoluciones.com.mx\/es\/no-mas-olores-mascotas\/#primaryimage"},"image":{"@id":"https:\/\/mcsoluciones.com.mx\/es\/no-mas-olores-mascotas\/#primaryimage"},"thumbnailUrl":"http:\/\/mcsoluciones.com.mx\/es\/wp-content\/uploads\/2024\/11\/NO-MAS-OLORES-MASCOTAS-VOLANTE-MDV-FRENTE-10-C.png","datePublished":"2023-06-05T04:57:41+00:00","dateModified":"2026-03-05T21:39:30+00:00","breadcrumb":{"@id":"https:\/\/mcsoluciones.com.mx\/es\/no-mas-olores-mascotas\/#breadcrumb"},"inLanguage":"es","potentialAction":[{"@type":"ReadAction","target":["https:\/\/mcsoluciones.com.mx\/es\/no-mas-olores-mascotas\/"]}]},{"@type":"ImageObject","inLanguage":"es","@id":"https:\/\/mcsoluciones.com.mx\/es\/no-mas-olores-mascotas\/#primaryimage","url":"http:\/\/mcsoluciones.com.mx\/es\/wp-content\/uploads\/2024\/11\/NO-MAS-OLORES-MASCOTAS-VOLANTE-MDV-FRENTE-10-C.png","contentUrl":"http:\/\/mcsoluciones.com.mx\/es\/wp-content\/uploads\/2024\/11\/NO-MAS-OLORES-MASCOTAS-VOLANTE-MDV-FRENTE-10-C.png"},{"@type":"BreadcrumbList","@id":"https:\/\/mcsoluciones.com.mx\/es\/no-mas-olores-mascotas\/#breadcrumb","itemListElement":[{"@type":"ListItem","position":1,"name":"Home","item":"http:\/\/mcsoluciones.com.mx\/es\/"},{"@type":"ListItem","position":2,"name":"No m\u00e1s olores &#8211; Mascotas"}]},{"@type":"WebSite","@id":"https:\/\/mcsoluciones.com.mx\/es\/#website","url":"https:\/\/mcsoluciones.com.mx\/es\/","name":"MC Soluciones","description":"Creando nanotecnolog\u00eda para su bienestar desde 2014.","publisher":{"@id":"https:\/\/mcsoluciones.com.mx\/es\/#organization"},"potentialAction":[{"@type":"SearchAction","target":{"@type":"EntryPoint","urlTemplate":"https:\/\/mcsoluciones.com.mx\/es\/?s={search_term_string}"},"query-input":{"@type":"PropertyValueSpecification","valueRequired":true,"valueName":"search_term_string"}}],"inLanguage":"es"},{"@type":"Organization","@id":"https:\/\/mcsoluciones.com.mx\/es\/#organization","name":"MC Soluciones","url":"https:\/\/mcsoluciones.com.mx\/es\/","logo":{"@type":"ImageObject","inLanguage":"es","@id":"https:\/\/mcsoluciones.com.mx\/es\/#\/schema\/logo\/image\/","url":"https:\/\/mcsoluciones.com.mx\/es\/wp-content\/uploads\/2023\/06\/MC-SOLUCONES-LOGO-05-06-2023-02.png","contentUrl":"https:\/\/mcsoluciones.com.mx\/es\/wp-content\/uploads\/2023\/06\/MC-SOLUCONES-LOGO-05-06-2023-02.png","width":372,"height":71,"caption":"MC Soluciones"},"image":{"@id":"https:\/\/mcsoluciones.com.mx\/es\/#\/schema\/logo\/image\/"}}]}},"_links":{"self":[{"href":"https:\/\/mcsoluciones.com.mx\/es\/wp-json\/wp\/v2\/pages\/771","targetHints":{"allow":["GET"]}}],"collection":[{"href":"https:\/\/mcsoluciones.com.mx\/es\/wp-json\/wp\/v2\/pages"}],"about":[{"href":"https:\/\/mcsoluciones.com.mx\/es\/wp-json\/wp\/v2\/types\/page"}],"author":[{"embeddable":true,"href":"https:\/\/mcsoluciones.com.mx\/es\/wp-json\/wp\/v2\/users\/1"}],"replies":[{"embeddable":true,"href":"https:\/\/mcsoluciones.com.mx\/es\/wp-json\/wp\/v2\/comments?post=771"}],"version-history":[{"count":24,"href":"https:\/\/mcsoluciones.com.mx\/es\/wp-json\/wp\/v2\/pages\/771\/revisions"}],"predecessor-version":[{"id":1299,"href":"https:\/\/mcsoluciones.com.mx\/es\/wp-json\/wp\/v2\/pages\/771\/revisions\/1299"}],"wp:attachment":[{"href":"https:\/\/mcsoluciones.com.mx\/es\/wp-json\/wp\/v2\/media?parent=771"}],"curies":[{"name":"wp","href":"https:\/\/api.w.org\/{rel}","templated":true}]}}